{"id":4456,"date":"2023-07-15T13:04:23","date_gmt":"2023-07-15T18:04:23","guid":{"rendered":"https:\/\/amazonexpeditionsperu.com\/?page_id=4456"},"modified":"2023-07-15T13:09:39","modified_gmt":"2023-07-15T18:09:39","slug":"terminos-y-condiciones","status":"publish","type":"page","link":"https:\/\/amazonexpeditionsperu.com\/en\/terminos-y-condiciones\/","title":{"rendered":"Terms and Conditions"},"content":{"rendered":"<div data-elementor-type=\"wp-page\" data-elementor-id=\"4456\" class=\"elementor elementor-4456\">\n\t\t\t\t\t\t<section class=\"elementor-section elementor-top-section elementor-element elementor-element-d0ff360 elementor-section-boxed elementor-section-height-default elementor-section-height-default\" data-id=\"d0ff360\" data-element_type=\"section\" data-settings=\"{&quot;background_background&quot;:&quot;classic&quot;}\">\n\t\t\t\t\t\t<div class=\"elementor-container elementor-column-gap-default\">\n\t\t\t\t\t<div class=\"elementor-column elementor-col-100 elementor-top-column elementor-element elementor-element-e1e60f1\" data-id=\"e1e60f1\" data-element_type=\"column\">\n\t\t\t<div class=\"elementor-widget-wrap elementor-element-populated\">\n\t\t\t\t\t\t<div class=\"elementor-element elementor-element-9c0da55 elementor-widget elementor-widget-heading\" data-id=\"9c0da55\" data-element_type=\"widget\" data-widget_type=\"heading.default\">\n\t\t\t\t<div class=\"elementor-widget-container\">\n\t\t\t<h2 class=\"elementor-heading-title elementor-size-default\">Terms and Conditions<\/h2>\t\t<\/div>\n\t\t\t\t<\/div>\n\t\t\t\t\t<\/div>\n\t\t<\/div>\n\t\t\t\t\t<\/div>\n\t\t<\/section>\n\t\t\t\t<section class=\"elementor-section elementor-top-section elementor-element elementor-element-3dd4c89 elementor-section-boxed elementor-section-height-default elementor-section-height-default\" data-id=\"3dd4c89\" data-element_type=\"section\">\n\t\t\t\t\t\t<div class=\"elementor-container elementor-column-gap-default\">\n\t\t\t\t\t<div class=\"elementor-column elementor-col-100 elementor-top-column elementor-element elementor-element-92130be\" data-id=\"92130be\" data-element_type=\"column\">\n\t\t\t<div class=\"elementor-widget-wrap elementor-element-populated\">\n\t\t\t\t\t\t<div class=\"elementor-element elementor-element-cc25bcc elementor-widget elementor-widget-heading\" data-id=\"cc25bcc\" data-element_type=\"widget\" data-widget_type=\"heading.default\">\n\t\t\t\t<div class=\"elementor-widget-container\">\n\t\t\t<h4 class=\"elementor-heading-title elementor-size-default\">Pol\u00edticas de reserva<\/h4>\t\t<\/div>\n\t\t\t\t<\/div>\n\t\t\t\t<div class=\"elementor-element elementor-element-54491f4 elementor-widget elementor-widget-text-editor\" data-id=\"54491f4\" data-element_type=\"widget\" data-widget_type=\"text-editor.default\">\n\t\t\t\t<div class=\"elementor-widget-container\">\n\t\t\t\t\t\t\t<p>Las reservas ser\u00e1n realizadas v\u00eda web o WhatsApp, previa coordinaci\u00f3n con el \u00e1rea de reservas.\u00a0<\/p>\t\t\t\t\t\t<\/div>\n\t\t\t\t<\/div>\n\t\t\t\t\t<\/div>\n\t\t<\/div>\n\t\t\t\t\t<\/div>\n\t\t<\/section>\n\t\t\t\t<\/div>","protected":false},"excerpt":{"rendered":"<p>T\u00e9rminos y condiciones Pol\u00edticas de reserva Las reservas ser\u00e1n realizadas v\u00eda web o WhatsApp, previa coordinaci\u00f3n con el \u00e1rea de reservas.\u00a0<\/p>","protected":false},"author":7,"featured_media":0,"parent":0,"menu_order":0,"comment_status":"closed","ping_status":"closed","template":"elementor_header_footer","meta":{"_joinchat":[],"footnotes":""},"class_list":["post-4456","page","type-page","status-publish","hentry"],"yoast_head":"<!-- This site is optimized with the Yoast SEO plugin v27.4 - https:\/\/yoast.com\/product\/yoast-seo-wordpress\/ -->\n<title>T\u00e9rminos y condiciones - Amazon Expeditions Peru<\/title>\n<meta name=\"robots\" content=\"index, follow, max-snippet:-1, max-image-preview:large, max-video-preview:-1\" \/>\n<link rel=\"canonical\" href=\"https:\/\/amazonexpeditionsperu.com\/en\/terminos-y-condiciones\/\" \/>\n<meta property=\"og:locale\" content=\"en_US\" \/>\n<meta property=\"og:type\" content=\"article\" \/>\n<meta property=\"og:title\" content=\"T\u00e9rminos y condiciones - Amazon Expeditions Peru\" \/>\n<meta property=\"og:description\" content=\"T\u00e9rminos y condiciones Pol\u00edticas de reserva Las reservas ser\u00e1n realizadas v\u00eda web o WhatsApp, previa coordinaci\u00f3n con el \u00e1rea de reservas.\u00a0\" \/>\n<meta property=\"og:url\" content=\"https:\/\/amazonexpeditionsperu.com\/en\/terminos-y-condiciones\/\" \/>\n<meta property=\"og:site_name\" content=\"Amazon Expeditions Peru\" \/>\n<meta property=\"article:modified_time\" content=\"2023-07-15T18:09:39+00:00\" \/>\n<meta name=\"twitter:card\" content=\"summary_large_image\" \/>\n<meta name=\"twitter:label1\" content=\"Est. reading time\" \/>\n\t<meta name=\"twitter:data1\" content=\"1 minute\" \/>\n<script type=\"application\/ld+json\" class=\"yoast-schema-graph\">{\"@context\":\"https:\\\/\\\/schema.org\",\"@graph\":[{\"@type\":\"WebPage\",\"@id\":\"https:\\\/\\\/amazonexpeditionsperu.com\\\/terminos-y-condiciones\\\/\",\"url\":\"https:\\\/\\\/amazonexpeditionsperu.com\\\/terminos-y-condiciones\\\/\",\"name\":\"T\u00e9rminos y condiciones - Amazon Expeditions Peru\",\"isPartOf\":{\"@id\":\"https:\\\/\\\/amazonexpeditionsperu.com\\\/en\\\/#website\"},\"datePublished\":\"2023-07-15T18:04:23+00:00\",\"dateModified\":\"2023-07-15T18:09:39+00:00\",\"breadcrumb\":{\"@id\":\"https:\\\/\\\/amazonexpeditionsperu.com\\\/terminos-y-condiciones\\\/#breadcrumb\"},\"inLanguage\":\"en-US\",\"potentialAction\":[{\"@type\":\"ReadAction\",\"target\":[\"https:\\\/\\\/amazonexpeditionsperu.com\\\/terminos-y-condiciones\\\/\"]}]},{\"@type\":\"BreadcrumbList\",\"@id\":\"https:\\\/\\\/amazonexpeditionsperu.com\\\/terminos-y-condiciones\\\/#breadcrumb\",\"itemListElement\":[{\"@type\":\"ListItem\",\"position\":1,\"name\":\"Portada\",\"item\":\"https:\\\/\\\/amazonexpeditionsperu.com\\\/\"},{\"@type\":\"ListItem\",\"position\":2,\"name\":\"T\u00e9rminos y condiciones\"}]},{\"@type\":\"WebSite\",\"@id\":\"https:\\\/\\\/amazonexpeditionsperu.com\\\/en\\\/#website\",\"url\":\"https:\\\/\\\/amazonexpeditionsperu.com\\\/en\\\/\",\"name\":\"Amazon Expeditions Peru\",\"description\":\"Otro sitio realizado con WordPress\",\"potentialAction\":[{\"@type\":\"SearchAction\",\"target\":{\"@type\":\"EntryPoint\",\"urlTemplate\":\"https:\\\/\\\/amazonexpeditionsperu.com\\\/en\\\/?s={search_term_string}\"},\"query-input\":{\"@type\":\"PropertyValueSpecification\",\"valueRequired\":true,\"valueName\":\"search_term_string\"}}],\"inLanguage\":\"en-US\"}]}<\/script>\n<!-- \/ Yoast SEO plugin. -->","yoast_head_json":{"title":"T\u00e9rminos y condiciones - Amazon Expeditions Peru","robots":{"index":"index","follow":"follow","max-snippet":"max-snippet:-1","max-image-preview":"max-image-preview:large","max-video-preview":"max-video-preview:-1"},"canonical":"https:\/\/amazonexpeditionsperu.com\/en\/terminos-y-condiciones\/","og_locale":"en_US","og_type":"article","og_title":"T\u00e9rminos y condiciones - Amazon Expeditions Peru","og_description":"T\u00e9rminos y condiciones Pol\u00edticas de reserva Las reservas ser\u00e1n realizadas v\u00eda web o WhatsApp, previa coordinaci\u00f3n con el \u00e1rea de reservas.\u00a0","og_url":"https:\/\/amazonexpeditionsperu.com\/en\/terminos-y-condiciones\/","og_site_name":"Amazon Expeditions Peru","article_modified_time":"2023-07-15T18:09:39+00:00","twitter_card":"summary_large_image","twitter_misc":{"Est. reading time":"1 minute"},"schema":{"@context":"https:\/\/schema.org","@graph":[{"@type":"WebPage","@id":"https:\/\/amazonexpeditionsperu.com\/terminos-y-condiciones\/","url":"https:\/\/amazonexpeditionsperu.com\/terminos-y-condiciones\/","name":"T\u00e9rminos y condiciones - Amazon Expeditions Peru","isPartOf":{"@id":"https:\/\/amazonexpeditionsperu.com\/en\/#website"},"datePublished":"2023-07-15T18:04:23+00:00","dateModified":"2023-07-15T18:09:39+00:00","breadcrumb":{"@id":"https:\/\/amazonexpeditionsperu.com\/terminos-y-condiciones\/#breadcrumb"},"inLanguage":"en-US","potentialAction":[{"@type":"ReadAction","target":["https:\/\/amazonexpeditionsperu.com\/terminos-y-condiciones\/"]}]},{"@type":"BreadcrumbList","@id":"https:\/\/amazonexpeditionsperu.com\/terminos-y-condiciones\/#breadcrumb","itemListElement":[{"@type":"ListItem","position":1,"name":"Portada","item":"https:\/\/amazonexpeditionsperu.com\/"},{"@type":"ListItem","position":2,"name":"T\u00e9rminos y condiciones"}]},{"@type":"WebSite","@id":"https:\/\/amazonexpeditionsperu.com\/en\/#website","url":"https:\/\/amazonexpeditionsperu.com\/en\/","name":"Amazon Expeditions Peru","description":"Otro sitio realizado con WordPress","potentialAction":[{"@type":"SearchAction","target":{"@type":"EntryPoint","urlTemplate":"https:\/\/amazonexpeditionsperu.com\/en\/?s={search_term_string}"},"query-input":{"@type":"PropertyValueSpecification","valueRequired":true,"valueName":"search_term_string"}}],"inLanguage":"en-US"}]}},"_links":{"self":[{"href":"https:\/\/amazonexpeditionsperu.com\/en\/wp-json\/wp\/v2\/pages\/4456","targetHints":{"allow":["GET"]}}],"collection":[{"href":"https:\/\/amazonexpeditionsperu.com\/en\/wp-json\/wp\/v2\/pages"}],"about":[{"href":"https:\/\/amazonexpeditionsperu.com\/en\/wp-json\/wp\/v2\/types\/page"}],"author":[{"embeddable":true,"href":"https:\/\/amazonexpeditionsperu.com\/en\/wp-json\/wp\/v2\/users\/7"}],"replies":[{"embeddable":true,"href":"https:\/\/amazonexpeditionsperu.com\/en\/wp-json\/wp\/v2\/comments?post=4456"}],"version-history":[{"count":4,"href":"https:\/\/amazonexpeditionsperu.com\/en\/wp-json\/wp\/v2\/pages\/4456\/revisions"}],"predecessor-version":[{"id":4461,"href":"https:\/\/amazonexpeditionsperu.com\/en\/wp-json\/wp\/v2\/pages\/4456\/revisions\/4461"}],"wp:attachment":[{"href":"https:\/\/amazonexpeditionsperu.com\/en\/wp-json\/wp\/v2\/media?parent=4456"}],"curies":[{"name":"wp","href":"https:\/\/api.w.org\/{rel}","templated":true}]}}