{"id":4401,"date":"2023-07-13T13:48:58","date_gmt":"2023-07-13T18:48:58","guid":{"rendered":"https:\/\/amazonexpeditionsperu.com\/?page_id=4401"},"modified":"2023-07-16T04:29:10","modified_gmt":"2023-07-16T09:29:10","slug":"informacion-general","status":"publish","type":"page","link":"https:\/\/amazonexpeditionsperu.com\/en\/informacion-general\/","title":{"rendered":"General Information"},"content":{"rendered":"\t\t<div data-elementor-type=\"wp-page\" data-elementor-id=\"4401\" class=\"elementor elementor-4401\">\n\t\t\t\t\t\t<section class=\"elementor-section elementor-top-section elementor-element elementor-element-8b04b2d elementor-section-full_width elementor-section-height-default elementor-section-height-default\" data-id=\"8b04b2d\" data-element_type=\"section\" data-settings=\"{&quot;background_background&quot;:&quot;slideshow&quot;,&quot;background_slideshow_gallery&quot;:[{&quot;id&quot;:4409,&quot;url&quot;:&quot;https:\\\/\\\/amazonexpeditionsperu.com\\\/wp-content\\\/uploads\\\/2023\\\/07\\\/Amazon-Expeditions-Peru-Cruceros.webp&quot;}],&quot;background_slideshow_loop&quot;:&quot;yes&quot;,&quot;background_slideshow_slide_duration&quot;:5000,&quot;background_slideshow_slide_transition&quot;:&quot;fade&quot;,&quot;background_slideshow_transition_duration&quot;:500}\">\n\t\t\t\t\t\t\t<div class=\"elementor-background-overlay\"><\/div>\n\t\t\t\t\t\t\t<div class=\"elementor-container elementor-column-gap-default\">\n\t\t\t\t\t<div class=\"elementor-column elementor-col-100 elementor-top-column elementor-element elementor-element-65146fe\" data-id=\"65146fe\" data-element_type=\"column\">\n\t\t\t<div class=\"elementor-widget-wrap elementor-element-populated\">\n\t\t\t\t\t\t<div class=\"elementor-element elementor-element-170c4ff elementor-widget elementor-widget-heading\" data-id=\"170c4ff\" data-element_type=\"widget\" data-widget_type=\"heading.default\">\n\t\t\t\t<div class=\"elementor-widget-container\">\n\t\t\t<h2 class=\"elementor-heading-title elementor-size-xl\">Informaci\u00f3n general<\/h2>\t\t<\/div>\n\t\t\t\t<\/div>\n\t\t\t\t\t<\/div>\n\t\t<\/div>\n\t\t\t\t\t<\/div>\n\t\t<\/section>\n\t\t\t\t<section class=\"elementor-section elementor-top-section elementor-element elementor-element-817257b elementor-section-boxed elementor-section-height-default elementor-section-height-default\" data-id=\"817257b\" data-element_type=\"section\">\n\t\t\t\t\t\t<div class=\"elementor-container elementor-column-gap-default\">\n\t\t\t\t\t<div class=\"elementor-column elementor-col-50 elementor-top-column elementor-element elementor-element-32a2421\" data-id=\"32a2421\" data-element_type=\"column\">\n\t\t\t<div class=\"elementor-widget-wrap elementor-element-populated\">\n\t\t\t\t\t\t<div class=\"elementor-element elementor-element-4e86441 elementor-widget elementor-widget-heading\" data-id=\"4e86441\" data-element_type=\"widget\" data-widget_type=\"heading.default\">\n\t\t\t\t<div class=\"elementor-widget-container\">\n\t\t\t<h2 class=\"elementor-heading-title elementor-size-default\">Informaci\u00f3n General<\/h2>\t\t<\/div>\n\t\t\t\t<\/div>\n\t\t\t\t<div class=\"elementor-element elementor-element-66466ce elementor-widget elementor-widget-text-editor\" data-id=\"66466ce\" data-element_type=\"widget\" data-widget_type=\"text-editor.default\">\n\t\t\t\t<div class=\"elementor-widget-container\">\n\t\t\t\t\t\t\t<p>LATAM Airlines vuela a Lima, Per\u00fa desde 25 puntos de entrada en EE. UU., as\u00ed como desde las principales ciudades del mundo. A su llegada al Aeropuerto Internacional Jorge Ch\u00e1vez de Lima, los pasajeros podr\u00e1n conectarse con vuelos a Iquitos en este mismo aeropuerto. Nuestro vuelo recomendado de Lima a Iquitos sale de Lima todos los d\u00edas en horas de la ma\u00f1ana y llega a Iquitos alrededor de la 1:00 p.m.<\/p><p>A su llegada al Aeropuerto Internacional Coronel FAP Francisco Secada Vignetta de Iquitos. Los gu\u00edas uniformados de Amazon Expeditions-Per\u00fa lo recibir\u00e1n en el \u00e1rea de reclamo de equipaje. Desde all\u00ed, con la asistencia de nuestros gu\u00edas y personal de tierra, lo trasladaremos a nuestro puerto de embarque en Nauta, desde donde comenzar\u00e1 su experiencia de crucero por el Amazonas con nosotros.<\/p><p>El d\u00eda de la salida posterior al crucero, desembarcaremos el barco despu\u00e9s de la hora del desayuno y lo trasladaremos al Aeropuerto Internacional de Iquitos, haciendo una primera parada en el centro de rescate de animales ACOBIA. Nuestro vuelo recomendado sale de Iquitos aproximadamente a la 1:00 pm.<\/p>\t\t\t\t\t\t<\/div>\n\t\t\t\t<\/div>\n\t\t\t\t\t<\/div>\n\t\t<\/div>\n\t\t\t\t<div class=\"elementor-column elementor-col-50 elementor-top-column elementor-element elementor-element-a23eb62\" data-id=\"a23eb62\" data-element_type=\"column\">\n\t\t\t<div class=\"elementor-widget-wrap elementor-element-populated\">\n\t\t\t\t\t\t<div class=\"elementor-element elementor-element-af58b91 elementor-widget elementor-widget-image\" data-id=\"af58b91\" data-element_type=\"widget\" data-widget_type=\"image.default\">\n\t\t\t\t<div class=\"elementor-widget-container\">\n\t\t\t\t\t\t\t\t\t\t\t\t\t<img fetchpriority=\"high\" decoding=\"async\" width=\"660\" height=\"429\" src=\"https:\/\/amazonexpeditionsperu.com\/wp-content\/uploads\/2023\/07\/Informacion-General-Cruceros.gif\" class=\"attachment-large size-large wp-image-4403\" alt=\"\" \/>\t\t\t\t\t\t\t\t\t\t\t\t\t<\/div>\n\t\t\t\t<\/div>\n\t\t\t\t\t<\/div>\n\t\t<\/div>\n\t\t\t\t\t<\/div>\n\t\t<\/section>\n\t\t\t\t<section class=\"elementor-section elementor-top-section elementor-element elementor-element-b20a9ca elementor-section-boxed elementor-section-height-default elementor-section-height-default\" data-id=\"b20a9ca\" data-element_type=\"section\">\n\t\t\t\t\t\t<div class=\"elementor-container elementor-column-gap-default\">\n\t\t\t\t\t<div class=\"elementor-column elementor-col-50 elementor-top-column elementor-element elementor-element-fecb965\" data-id=\"fecb965\" data-element_type=\"column\">\n\t\t\t<div class=\"elementor-widget-wrap elementor-element-populated\">\n\t\t\t\t\t\t<div class=\"elementor-element elementor-element-a9ebae9 elementor-widget elementor-widget-image\" data-id=\"a9ebae9\" data-element_type=\"widget\" data-widget_type=\"image.default\">\n\t\t\t\t<div class=\"elementor-widget-container\">\n\t\t\t\t\t\t\t\t\t\t\t\t\t<img decoding=\"async\" width=\"660\" height=\"439\" src=\"https:\/\/amazonexpeditionsperu.com\/wp-content\/uploads\/2023\/07\/Clima-en-Iquitos.webp\" class=\"attachment-large size-large wp-image-4404\" alt=\"\" srcset=\"https:\/\/amazonexpeditionsperu.com\/wp-content\/uploads\/2023\/07\/Clima-en-Iquitos.webp 855w, https:\/\/amazonexpeditionsperu.com\/wp-content\/uploads\/2023\/07\/Clima-en-Iquitos-300x200.webp 300w, https:\/\/amazonexpeditionsperu.com\/wp-content\/uploads\/2023\/07\/Clima-en-Iquitos-768x511.webp 768w, https:\/\/amazonexpeditionsperu.com\/wp-content\/uploads\/2023\/07\/Clima-en-Iquitos-18x12.webp 18w, https:\/\/amazonexpeditionsperu.com\/wp-content\/uploads\/2023\/07\/Clima-en-Iquitos-810x540.webp 810w\" sizes=\"(max-width: 660px) 100vw, 660px\" \/>\t\t\t\t\t\t\t\t\t\t\t\t\t<\/div>\n\t\t\t\t<\/div>\n\t\t\t\t\t<\/div>\n\t\t<\/div>\n\t\t\t\t<div class=\"elementor-column elementor-col-50 elementor-top-column elementor-element elementor-element-c619ff1\" data-id=\"c619ff1\" data-element_type=\"column\">\n\t\t\t<div class=\"elementor-widget-wrap elementor-element-populated\">\n\t\t\t\t\t\t<div class=\"elementor-element elementor-element-d496982 elementor-widget elementor-widget-heading\" data-id=\"d496982\" data-element_type=\"widget\" data-widget_type=\"heading.default\">\n\t\t\t\t<div class=\"elementor-widget-container\">\n\t\t\t<h2 class=\"elementor-heading-title elementor-size-default\">Clima<\/h2>\t\t<\/div>\n\t\t\t\t<\/div>\n\t\t\t\t<div class=\"elementor-element elementor-element-a777518 elementor-widget elementor-widget-text-editor\" data-id=\"a777518\" data-element_type=\"widget\" data-widget_type=\"text-editor.default\">\n\t\t\t\t<div class=\"elementor-widget-container\">\n\t\t\t\t\t\t\t<p>El clima en Iquitos es c\u00e1lido y h\u00famedo con una temperatura m\u00e1xima anual promedio de 33C (95F) y una m\u00ednima de 21C (70F).<\/p>\t\t\t\t\t\t<\/div>\n\t\t\t\t<\/div>\n\t\t\t\t<section class=\"elementor-section elementor-inner-section elementor-element elementor-element-94673e2 elementor-section-boxed elementor-section-height-default elementor-section-height-default\" data-id=\"94673e2\" data-element_type=\"section\">\n\t\t\t\t\t\t<div class=\"elementor-container elementor-column-gap-default\">\n\t\t\t\t\t<div class=\"elementor-column elementor-col-50 elementor-inner-column elementor-element elementor-element-c95db30\" data-id=\"c95db30\" data-element_type=\"column\">\n\t\t\t<div class=\"elementor-widget-wrap elementor-element-populated\">\n\t\t\t\t\t\t<div class=\"elementor-element elementor-element-b8de6ca elementor-widget elementor-widget-text-editor\" data-id=\"b8de6ca\" data-element_type=\"widget\" data-widget_type=\"text-editor.default\">\n\t\t\t\t<div class=\"elementor-widget-container\">\n\t\t\t\t\t\t\t<p>La temporada alta de agua es de diciembre a mayo.<\/p>\t\t\t\t\t\t<\/div>\n\t\t\t\t<\/div>\n\t\t\t\t\t<\/div>\n\t\t<\/div>\n\t\t\t\t<div class=\"elementor-column elementor-col-50 elementor-inner-column elementor-element elementor-element-bb5dd31\" data-id=\"bb5dd31\" data-element_type=\"column\">\n\t\t\t<div class=\"elementor-widget-wrap elementor-element-populated\">\n\t\t\t\t\t\t<div class=\"elementor-element elementor-element-72fbe72 elementor-widget elementor-widget-text-editor\" data-id=\"72fbe72\" data-element_type=\"widget\" data-widget_type=\"text-editor.default\">\n\t\t\t\t<div class=\"elementor-widget-container\">\n\t\t\t\t\t\t\t<p>La temporada de aguas bajas es de junio a noviembre.<\/p>\t\t\t\t\t\t<\/div>\n\t\t\t\t<\/div>\n\t\t\t\t\t<\/div>\n\t\t<\/div>\n\t\t\t\t\t<\/div>\n\t\t<\/section>\n\t\t\t\t<div class=\"elementor-element elementor-element-4d144d7 elementor-widget elementor-widget-text-editor\" data-id=\"4d144d7\" data-element_type=\"widget\" data-widget_type=\"text-editor.default\">\n\t\t\t\t<div class=\"elementor-widget-container\">\n\t\t\t\t\t\t\t<p>Cada estaci\u00f3n presenta diferencias en la vida vegetal y animal, as\u00ed como en el clima.<\/p><p>Todas las actividades est\u00e1n sujetas a cambios debido a las condiciones clim\u00e1ticas y la \u00e9poca del a\u00f1o.<\/p>\t\t\t\t\t\t<\/div>\n\t\t\t\t<\/div>\n\t\t\t\t\t<\/div>\n\t\t<\/div>\n\t\t\t\t\t<\/div>\n\t\t<\/section>\n\t\t\t\t<\/div>\n\t\t","protected":false},"excerpt":{"rendered":"<p>Informaci\u00f3n general Informaci\u00f3n General LATAM Airlines vuela a Lima, Per\u00fa desde 25 puntos de entrada en EE. UU., as\u00ed como desde las principales ciudades del mundo. A su llegada al Aeropuerto Internacional Jorge Ch\u00e1vez de Lima, los pasajeros podr\u00e1n conectarse con vuelos a Iquitos en este mismo aeropuerto. Nuestro vuelo recomendado de Lima a Iquitos &hellip; <br \/><a href=\"https:\/\/amazonexpeditionsperu.com\/en\/informacion-general\/\" class=\"more-link\">Continue reading <span class=\"screen-reader-text\">General Information<\/span><\/a><\/p>","protected":false},"author":7,"featured_media":0,"parent":0,"menu_order":0,"comment_status":"closed","ping_status":"closed","template":"elementor_header_footer","meta":{"_joinchat":[],"footnotes":""},"class_list":["post-4401","page","type-page","status-publish","hentry"],"yoast_head":"<!-- This site is optimized with the Yoast SEO plugin v27.4 - https:\/\/yoast.com\/product\/yoast-seo-wordpress\/ -->\n<title>Informaci\u00f3n General - Amazon Expeditions Peru<\/title>\n<meta name=\"robots\" content=\"index, follow, max-snippet:-1, max-image-preview:large, max-video-preview:-1\" \/>\n<link rel=\"canonical\" href=\"https:\/\/amazonexpeditionsperu.com\/en\/informacion-general\/\" \/>\n<meta property=\"og:locale\" content=\"en_US\" \/>\n<meta property=\"og:type\" content=\"article\" \/>\n<meta property=\"og:title\" content=\"Informaci\u00f3n General - Amazon Expeditions Peru\" \/>\n<meta property=\"og:description\" content=\"Informaci\u00f3n general Informaci\u00f3n General LATAM Airlines vuela a Lima, Per\u00fa desde 25 puntos de entrada en EE. UU., as\u00ed como desde las principales ciudades del mundo. A su llegada al Aeropuerto Internacional Jorge Ch\u00e1vez de Lima, los pasajeros podr\u00e1n conectarse con vuelos a Iquitos en este mismo aeropuerto. Nuestro vuelo recomendado de Lima a Iquitos &hellip; Continue reading Informaci\u00f3n General\" \/>\n<meta property=\"og:url\" content=\"https:\/\/amazonexpeditionsperu.com\/en\/informacion-general\/\" \/>\n<meta property=\"og:site_name\" content=\"Amazon Expeditions Peru\" \/>\n<meta property=\"article:modified_time\" content=\"2023-07-16T09:29:10+00:00\" \/>\n<meta property=\"og:image\" content=\"https:\/\/amazonexpeditionsperu.com\/wp-content\/uploads\/2023\/07\/Informacion-General-Cruceros.gif\" \/>\n<meta name=\"twitter:card\" content=\"summary_large_image\" \/>\n<meta name=\"twitter:label1\" content=\"Est. reading time\" \/>\n\t<meta name=\"twitter:data1\" content=\"2 minutes\" \/>\n<script type=\"application\/ld+json\" class=\"yoast-schema-graph\">{\"@context\":\"https:\\\/\\\/schema.org\",\"@graph\":[{\"@type\":\"WebPage\",\"@id\":\"https:\\\/\\\/amazonexpeditionsperu.com\\\/informacion-general\\\/\",\"url\":\"https:\\\/\\\/amazonexpeditionsperu.com\\\/informacion-general\\\/\",\"name\":\"Informaci\u00f3n General - Amazon Expeditions Peru\",\"isPartOf\":{\"@id\":\"https:\\\/\\\/amazonexpeditionsperu.com\\\/en\\\/#website\"},\"primaryImageOfPage\":{\"@id\":\"https:\\\/\\\/amazonexpeditionsperu.com\\\/informacion-general\\\/#primaryimage\"},\"image\":{\"@id\":\"https:\\\/\\\/amazonexpeditionsperu.com\\\/informacion-general\\\/#primaryimage\"},\"thumbnailUrl\":\"https:\\\/\\\/amazonexpeditionsperu.com\\\/wp-content\\\/uploads\\\/2023\\\/07\\\/Informacion-General-Cruceros.gif\",\"datePublished\":\"2023-07-13T18:48:58+00:00\",\"dateModified\":\"2023-07-16T09:29:10+00:00\",\"breadcrumb\":{\"@id\":\"https:\\\/\\\/amazonexpeditionsperu.com\\\/informacion-general\\\/#breadcrumb\"},\"inLanguage\":\"en-US\",\"potentialAction\":[{\"@type\":\"ReadAction\",\"target\":[\"https:\\\/\\\/amazonexpeditionsperu.com\\\/informacion-general\\\/\"]}]},{\"@type\":\"ImageObject\",\"inLanguage\":\"en-US\",\"@id\":\"https:\\\/\\\/amazonexpeditionsperu.com\\\/informacion-general\\\/#primaryimage\",\"url\":\"https:\\\/\\\/amazonexpeditionsperu.com\\\/wp-content\\\/uploads\\\/2023\\\/07\\\/Informacion-General-Cruceros.gif\",\"contentUrl\":\"https:\\\/\\\/amazonexpeditionsperu.com\\\/wp-content\\\/uploads\\\/2023\\\/07\\\/Informacion-General-Cruceros.gif\"},{\"@type\":\"BreadcrumbList\",\"@id\":\"https:\\\/\\\/amazonexpeditionsperu.com\\\/informacion-general\\\/#breadcrumb\",\"itemListElement\":[{\"@type\":\"ListItem\",\"position\":1,\"name\":\"Portada\",\"item\":\"https:\\\/\\\/amazonexpeditionsperu.com\\\/\"},{\"@type\":\"ListItem\",\"position\":2,\"name\":\"Informaci\u00f3n General\"}]},{\"@type\":\"WebSite\",\"@id\":\"https:\\\/\\\/amazonexpeditionsperu.com\\\/en\\\/#website\",\"url\":\"https:\\\/\\\/amazonexpeditionsperu.com\\\/en\\\/\",\"name\":\"Amazon Expeditions Peru\",\"description\":\"Otro sitio realizado con WordPress\",\"potentialAction\":[{\"@type\":\"SearchAction\",\"target\":{\"@type\":\"EntryPoint\",\"urlTemplate\":\"https:\\\/\\\/amazonexpeditionsperu.com\\\/en\\\/?s={search_term_string}\"},\"query-input\":{\"@type\":\"PropertyValueSpecification\",\"valueRequired\":true,\"valueName\":\"search_term_string\"}}],\"inLanguage\":\"en-US\"}]}<\/script>\n<!-- \/ Yoast SEO plugin. -->","yoast_head_json":{"title":"Informaci\u00f3n General - Amazon Expeditions Peru","robots":{"index":"index","follow":"follow","max-snippet":"max-snippet:-1","max-image-preview":"max-image-preview:large","max-video-preview":"max-video-preview:-1"},"canonical":"https:\/\/amazonexpeditionsperu.com\/en\/informacion-general\/","og_locale":"en_US","og_type":"article","og_title":"Informaci\u00f3n General - Amazon Expeditions Peru","og_description":"Informaci\u00f3n general Informaci\u00f3n General LATAM Airlines vuela a Lima, Per\u00fa desde 25 puntos de entrada en EE. UU., as\u00ed como desde las principales ciudades del mundo. A su llegada al Aeropuerto Internacional Jorge Ch\u00e1vez de Lima, los pasajeros podr\u00e1n conectarse con vuelos a Iquitos en este mismo aeropuerto. Nuestro vuelo recomendado de Lima a Iquitos &hellip; Continue reading Informaci\u00f3n General","og_url":"https:\/\/amazonexpeditionsperu.com\/en\/informacion-general\/","og_site_name":"Amazon Expeditions Peru","article_modified_time":"2023-07-16T09:29:10+00:00","og_image":[{"url":"https:\/\/amazonexpeditionsperu.com\/wp-content\/uploads\/2023\/07\/Informacion-General-Cruceros.gif","type":"","width":"","height":""}],"twitter_card":"summary_large_image","twitter_misc":{"Est. reading time":"2 minutes"},"schema":{"@context":"https:\/\/schema.org","@graph":[{"@type":"WebPage","@id":"https:\/\/amazonexpeditionsperu.com\/informacion-general\/","url":"https:\/\/amazonexpeditionsperu.com\/informacion-general\/","name":"Informaci\u00f3n General - Amazon Expeditions Peru","isPartOf":{"@id":"https:\/\/amazonexpeditionsperu.com\/en\/#website"},"primaryImageOfPage":{"@id":"https:\/\/amazonexpeditionsperu.com\/informacion-general\/#primaryimage"},"image":{"@id":"https:\/\/amazonexpeditionsperu.com\/informacion-general\/#primaryimage"},"thumbnailUrl":"https:\/\/amazonexpeditionsperu.com\/wp-content\/uploads\/2023\/07\/Informacion-General-Cruceros.gif","datePublished":"2023-07-13T18:48:58+00:00","dateModified":"2023-07-16T09:29:10+00:00","breadcrumb":{"@id":"https:\/\/amazonexpeditionsperu.com\/informacion-general\/#breadcrumb"},"inLanguage":"en-US","potentialAction":[{"@type":"ReadAction","target":["https:\/\/amazonexpeditionsperu.com\/informacion-general\/"]}]},{"@type":"ImageObject","inLanguage":"en-US","@id":"https:\/\/amazonexpeditionsperu.com\/informacion-general\/#primaryimage","url":"https:\/\/amazonexpeditionsperu.com\/wp-content\/uploads\/2023\/07\/Informacion-General-Cruceros.gif","contentUrl":"https:\/\/amazonexpeditionsperu.com\/wp-content\/uploads\/2023\/07\/Informacion-General-Cruceros.gif"},{"@type":"BreadcrumbList","@id":"https:\/\/amazonexpeditionsperu.com\/informacion-general\/#breadcrumb","itemListElement":[{"@type":"ListItem","position":1,"name":"Portada","item":"https:\/\/amazonexpeditionsperu.com\/"},{"@type":"ListItem","position":2,"name":"Informaci\u00f3n General"}]},{"@type":"WebSite","@id":"https:\/\/amazonexpeditionsperu.com\/en\/#website","url":"https:\/\/amazonexpeditionsperu.com\/en\/","name":"Amazon Expeditions Peru","description":"Otro sitio realizado con WordPress","potentialAction":[{"@type":"SearchAction","target":{"@type":"EntryPoint","urlTemplate":"https:\/\/amazonexpeditionsperu.com\/en\/?s={search_term_string}"},"query-input":{"@type":"PropertyValueSpecification","valueRequired":true,"valueName":"search_term_string"}}],"inLanguage":"en-US"}]}},"_links":{"self":[{"href":"https:\/\/amazonexpeditionsperu.com\/en\/wp-json\/wp\/v2\/pages\/4401","targetHints":{"allow":["GET"]}}],"collection":[{"href":"https:\/\/amazonexpeditionsperu.com\/en\/wp-json\/wp\/v2\/pages"}],"about":[{"href":"https:\/\/amazonexpeditionsperu.com\/en\/wp-json\/wp\/v2\/types\/page"}],"author":[{"embeddable":true,"href":"https:\/\/amazonexpeditionsperu.com\/en\/wp-json\/wp\/v2\/users\/7"}],"replies":[{"embeddable":true,"href":"https:\/\/amazonexpeditionsperu.com\/en\/wp-json\/wp\/v2\/comments?post=4401"}],"version-history":[{"count":10,"href":"https:\/\/amazonexpeditionsperu.com\/en\/wp-json\/wp\/v2\/pages\/4401\/revisions"}],"predecessor-version":[{"id":4488,"href":"https:\/\/amazonexpeditionsperu.com\/en\/wp-json\/wp\/v2\/pages\/4401\/revisions\/4488"}],"wp:attachment":[{"href":"https:\/\/amazonexpeditionsperu.com\/en\/wp-json\/wp\/v2\/media?parent=4401"}],"curies":[{"name":"wp","href":"https:\/\/api.w.org\/{rel}","templated":true}]}}