{"id":44,"date":"2020-08-14T06:55:45","date_gmt":"2020-08-14T11:55:45","guid":{"rendered":"http:\/\/demoapus-wp1.com\/travlio\/?page_id=44"},"modified":"2022-09-02T10:58:39","modified_gmt":"2022-09-02T15:58:39","slug":"contacto","status":"publish","type":"page","link":"https:\/\/amazonexpeditionsperu.com\/en\/contacto\/","title":{"rendered":"Contact"},"content":{"rendered":"<div data-elementor-type=\"wp-page\" data-elementor-id=\"44\" class=\"elementor elementor-44\">\n\t\t\t\t\t\t<section class=\"elementor-section elementor-top-section elementor-element elementor-element-cd8f17f elementor-section-stretched elementor-section-boxed elementor-section-height-default elementor-section-height-default\" data-id=\"cd8f17f\" data-element_type=\"section\" data-settings=\"{&quot;stretch_section&quot;:&quot;section-stretched&quot;}\">\n\t\t\t\t\t\t<div class=\"elementor-container elementor-column-gap-extended\">\n\t\t\t\t\t<div class=\"elementor-column elementor-col-100 elementor-top-column elementor-element elementor-element-fb7e724\" data-id=\"fb7e724\" data-element_type=\"column\">\n\t\t\t<div class=\"elementor-widget-wrap elementor-element-populated\">\n\t\t\t\t\t\t<div class=\"elementor-element elementor-element-3354865 elementor-invisible elementor-widget elementor-widget-apus_element_features_box\" data-id=\"3354865\" data-element_type=\"widget\" data-settings=\"{&quot;_animation&quot;:&quot;rotateIn&quot;}\" data-widget_type=\"apus_element_features_box.default\">\n\t\t\t\t<div class=\"elementor-widget-container\">\n\t\t\t            <div class=\"widget-features-box   style2\">\n                  \n                    <div class=\"row\">\n                                                    <div class=\"item col-xs-6 col-md-6                                 sm-clearfix xs-clearfix                                  lg-clearfix md-clearfix\">\n                                <div class=\"item-inner\">\n                                     <div class=\"top-inner\">\n                                                                                <div class=\"features-box-image icon\"><i class=\"ti-map-alt\"><\/i><\/div><\/div><div class=\"features-box-content\"><h3 class=\"title\">Our Office<\/h3><div class=\"description\">Urb. Calvo de Araujo Mz D, Lote 7-A. Calle \"Los Frutales\" San Juan Bautista  Iquitos - Per\u00fa<\/div><\/div>\n                                <\/div>\n                            <\/div>\n                                                    <div class=\"item col-xs-6 col-md-6\">\n                                <div class=\"item-inner\">\n                                     <div class=\"top-inner\">\n                                                                                <div class=\"features-box-image icon\"><i class=\"ti-email\"><\/i><\/div><\/div><div class=\"features-box-content\"><a href=\"mailto:contacto@amazonexpeditionperu.com\" target=\"_blank\" ><h3 class=\"title\">Contact<\/h3><\/a><div class=\"description\">Tour y Ticketing: contacto@amazonexpeditionperu.com<\/div><\/div>\n                                <\/div>\n                            <\/div>\n                                                    <div class=\"item col-xs-6 col-md-6                                 sm-clearfix xs-clearfix                                  lg-clearfix md-clearfix\">\n                                <div class=\"item-inner\">\n                                     <div class=\"top-inner\">\n                                                                                <div class=\"features-box-image icon\"><i class=\"ti-headphone-alt\"><\/i><\/div><\/div><div class=\"features-box-content\"><a href=\"tel:+51989922090\" target=\"_self\" ><h3 class=\"title\">Call Us<\/h3><\/a><div class=\"description\">Tour: +51  989 922 090 | Ticketing: +51 989 922 090 <\/div><\/div>\n                                <\/div>\n                            <\/div>\n                                                    <div class=\"item col-xs-6 col-md-6\">\n                                <div class=\"item-inner\">\n                                     <div class=\"top-inner\">\n                                                                                <div class=\"features-box-image icon\"><i class=\"ti-time\"><\/i><\/div><\/div><div class=\"features-box-content\"><a href=\"tel:+51999999999\" target=\"_self\" ><h3 class=\"title\">Time<\/h3><\/a><div class=\"description\">Lun \u2013 Vie 9:00 am \u2013 5:30 pm <br> Sat 9:00 am \u2013 1:00 pm <br> <\/div><\/div>\n                                <\/div>\n                            <\/div>\n                                            <\/div>\n                            <\/div>\n            \t\t<\/div>\n\t\t\t\t<\/div>\n\t\t\t\t<div class=\"elementor-element elementor-element-0c9f815 elementor-widget elementor-widget-text-editor\" data-id=\"0c9f815\" data-element_type=\"widget\" data-widget_type=\"text-editor.default\">\n\t\t\t\t<div class=\"elementor-widget-container\">\n\t\t\t\t\t\t\t<p>We are closed on 1st &amp; 3rd Sat of every month, Sundays &amp; public holidays<\/p>\t\t\t\t\t\t<\/div>\n\t\t\t\t<\/div>\n\t\t\t\t\t<\/div>\n\t\t<\/div>\n\t\t\t\t\t<\/div>\n\t\t<\/section>\n\t\t\t\t<section class=\"elementor-section elementor-top-section elementor-element elementor-element-132dcb1 elementor-section-stretched elementor-section-content-middle elementor-section-boxed elementor-section-height-default elementor-section-height-default\" data-id=\"132dcb1\" data-element_type=\"section\" data-settings=\"{&quot;stretch_section&quot;:&quot;section-stretched&quot;}\">\n\t\t\t\t\t\t<div class=\"elementor-container elementor-column-gap-extended\">\n\t\t\t\t\t<div class=\"elementor-column elementor-col-50 elementor-top-column elementor-element elementor-element-21724a8 elementor-hidden-tablet elementor-hidden-phone\" data-id=\"21724a8\" data-element_type=\"column\">\n\t\t\t<div class=\"elementor-widget-wrap elementor-element-populated\">\n\t\t\t\t\t\t<div class=\"elementor-element elementor-element-6ae625b elementor-invisible elementor-widget elementor-widget-image\" data-id=\"6ae625b\" data-element_type=\"widget\" data-settings=\"{&quot;_animation&quot;:&quot;bounceInRight&quot;}\" data-widget_type=\"image.default\">\n\t\t\t\t<div class=\"elementor-widget-container\">\n\t\t\t\t\t\t\t\t\t\t\t\t\t<img fetchpriority=\"high\" decoding=\"async\" width=\"960\" height=\"1280\" src=\"https:\/\/amazonexpeditionsperu.com\/wp-content\/uploads\/2022\/09\/Loros-peruanos-Amazon-Expeditions-Peru.jpg\" class=\"attachment-full size-full wp-image-3741\" alt=\"\" srcset=\"https:\/\/amazonexpeditionsperu.com\/wp-content\/uploads\/2022\/09\/Loros-peruanos-Amazon-Expeditions-Peru.jpg 960w, https:\/\/amazonexpeditionsperu.com\/wp-content\/uploads\/2022\/09\/Loros-peruanos-Amazon-Expeditions-Peru-225x300.jpg 225w, https:\/\/amazonexpeditionsperu.com\/wp-content\/uploads\/2022\/09\/Loros-peruanos-Amazon-Expeditions-Peru-768x1024.jpg 768w, https:\/\/amazonexpeditionsperu.com\/wp-content\/uploads\/2022\/09\/Loros-peruanos-Amazon-Expeditions-Peru-9x12.jpg 9w\" sizes=\"(max-width: 960px) 100vw, 960px\" \/>\t\t\t\t\t\t\t\t\t\t\t\t\t<\/div>\n\t\t\t\t<\/div>\n\t\t\t\t\t<\/div>\n\t\t<\/div>\n\t\t\t\t<div class=\"elementor-column elementor-col-50 elementor-top-column elementor-element elementor-element-8b20ec1\" data-id=\"8b20ec1\" data-element_type=\"column\">\n\t\t\t<div class=\"elementor-widget-wrap elementor-element-populated\">\n\t\t\t\t\t\t<div class=\"elementor-element elementor-element-0be5900 elementor-invisible elementor-widget elementor-widget-text-editor\" data-id=\"0be5900\" data-element_type=\"widget\" data-settings=\"{&quot;_animation&quot;:&quot;bounceInLeft&quot;}\" data-widget_type=\"text-editor.default\">\n\t\t\t\t<div class=\"elementor-widget-container\">\n\t\t\t\t\t\t\t\n<div class=\"wpcf7 no-js\" id=\"wpcf7-f296-o1\" lang=\"en-US\" dir=\"ltr\" data-wpcf7-id=\"296\">\n<div class=\"screen-reader-response\"><p role=\"status\" aria-live=\"polite\" aria-atomic=\"true\"><\/p> <ul><\/ul><\/div>\n<form action=\"\/en\/wp-json\/wp\/v2\/pages\/44#wpcf7-f296-o1\" method=\"post\" class=\"wpcf7-form init\" aria-label=\"Contact form\" novalidate=\"novalidate\" data-status=\"init\" data-trp-original-action=\"\/en\/wp-json\/wp\/v2\/pages\/44#wpcf7-f296-o1\">\n<fieldset class=\"hidden-fields-container\"><input type=\"hidden\" name=\"_wpcf7\" value=\"296\" \/><input type=\"hidden\" name=\"_wpcf7_version\" value=\"6.1.5\" \/><input type=\"hidden\" name=\"_wpcf7_locale\" value=\"en_US\" \/><input type=\"hidden\" name=\"_wpcf7_unit_tag\" value=\"wpcf7-f296-o1\" \/><input type=\"hidden\" name=\"_wpcf7_container_post\" value=\"0\" \/><input type=\"hidden\" name=\"_wpcf7_posted_data_hash\" value=\"\" \/><input type=\"hidden\" name=\"_wpcf7_recaptcha_response\" value=\"\" \/>\n<\/fieldset>\n<div class=\"contact-us\">\n\t<div class=\"row\">\n\t\t<div class=\"col-xs-12 col-sm-6\">\n\t\t\t<p><label>Name<\/label><span class=\"wpcf7-form-control-wrap\" data-name=\"your-name\"><input size=\"40\" maxlength=\"400\" class=\"wpcf7-form-control wpcf7-text wpcf7-validates-as-required form-control\" aria-required=\"true\" aria-invalid=\"false\" placeholder=\"Name\" value=\"\" type=\"text\" name=\"your-name\" \/><\/span>\n\t\t\t<\/p>\n\t\t<\/div>\n\t\t<div class=\"col-xs-12 col-sm-6\">\n\t\t\t<p><label>Email<\/label><span class=\"wpcf7-form-control-wrap\" data-name=\"your-email\"><input size=\"40\" maxlength=\"400\" class=\"wpcf7-form-control wpcf7-email wpcf7-validates-as-required wpcf7-text wpcf7-validates-as-email form-control\" aria-required=\"true\" aria-invalid=\"false\" placeholder=\"Email\" value=\"\" type=\"email\" name=\"your-email\" \/><\/span>\n\t\t\t<\/p>\n\t\t<\/div>\n\t<\/div>\n\t<div class=\"row\">\n\t\t<div class=\"col-xs-12\">\n\t\t\t<p><label>Subject<\/label><span class=\"wpcf7-form-control-wrap\" data-name=\"your-subject\"><input size=\"40\" maxlength=\"400\" class=\"wpcf7-form-control wpcf7-text form-control\" aria-invalid=\"false\" placeholder=\"Subject\" value=\"\" type=\"text\" name=\"your-subject\" \/><\/span>\n\t\t\t<\/p>\n\t\t<\/div>\n\t\t<div class=\"col-xs-12\">\n\t\t\t<p><label>Message<\/label><span class=\"wpcf7-form-control-wrap\" data-name=\"your-message\"><textarea cols=\"40\" rows=\"10\" maxlength=\"2000\" class=\"wpcf7-form-control wpcf7-textarea form-control\" aria-invalid=\"false\" placeholder=\"Message...\" name=\"your-message\"><\/textarea><\/span>\n\t\t\t<\/p>\n\t\t<\/div>\n\t<\/div>\n\t<p><input class=\"wpcf7-form-control wpcf7-submit has-spinner btn btn-theme btn-inverse border-2\" type=\"submit\" value=\"Send\" \/>\n\t<\/p>\n<\/div><div class=\"wpcf7-response-output\" aria-hidden=\"true\"><\/div>\n<input type=\"hidden\" name=\"trp-form-language\" value=\"en\"\/><\/form>\n<\/div>\n\t\t\t\t\t\t<\/div>\n\t\t\t\t<\/div>\n\t\t\t\t\t<\/div>\n\t\t<\/div>\n\t\t\t\t\t<\/div>\n\t\t<\/section>\n\t\t\t\t<\/div>","protected":false},"excerpt":{"rendered":"<p>Nuestra Oficina Urb. Calvo de Araujo Mz D, Lote 7-A. Calle \u00abLos Frutales\u00bb San Juan Bautista Iquitos &#8211; Per\u00fa Contacto Tour y Ticketing: contacto@amazonexpeditionperu.com Ll\u00e1manos Tour: +51 989 922 090 | Ticketing: +51 989 922 090 Horario Lun \u2013 Vie 9:00 am \u2013 5:30 pm Sat 9:00 am \u2013 1:00 pm We are closed on &hellip; <br \/><a href=\"https:\/\/amazonexpeditionsperu.com\/en\/contacto\/\" class=\"more-link\">Continue reading <span class=\"screen-reader-text\">Contact<\/span><\/a><\/p>","protected":false},"author":7,"featured_media":0,"parent":0,"menu_order":0,"comment_status":"closed","ping_status":"closed","template":"","meta":{"_joinchat":[],"footnotes":""},"class_list":["post-44","page","type-page","status-publish","hentry"],"yoast_head":"<!-- This site is optimized with the Yoast SEO plugin v27.4 - https:\/\/yoast.com\/product\/yoast-seo-wordpress\/ -->\n<title>Contacto - Amazon Expeditions Peru<\/title>\n<meta name=\"description\" content=\"Descubre los mejores paquetes tur\u00edsticos en Iquitos con Amazon Expeditions Per\u00fa. Cont\u00e1ctanos +51 989 922 090. Paquetes tur\u00edsticos en el Amazonas\" \/>\n<meta name=\"robots\" content=\"index, follow, max-snippet:-1, max-image-preview:large, max-video-preview:-1\" \/>\n<link rel=\"canonical\" href=\"https:\/\/amazonexpeditionsperu.com\/en\/contacto\/\" \/>\n<meta property=\"og:locale\" content=\"en_US\" \/>\n<meta property=\"og:type\" content=\"article\" \/>\n<meta property=\"og:title\" content=\"Contacto - Amazon Expeditions Peru\" \/>\n<meta property=\"og:description\" content=\"Descubre los mejores paquetes tur\u00edsticos en Iquitos con Amazon Expeditions Per\u00fa. Cont\u00e1ctanos +51 989 922 090. Paquetes tur\u00edsticos en el Amazonas\" \/>\n<meta property=\"og:url\" content=\"https:\/\/amazonexpeditionsperu.com\/en\/contacto\/\" \/>\n<meta property=\"og:site_name\" content=\"Amazon Expeditions Peru\" \/>\n<meta property=\"article:modified_time\" content=\"2022-09-02T15:58:39+00:00\" \/>\n<meta property=\"og:image\" content=\"https:\/\/amazonexpeditionsperu.com\/wp-content\/uploads\/2022\/09\/Loros-peruanos-Amazon-Expeditions-Peru.jpg\" \/>\n<meta name=\"twitter:card\" content=\"summary_large_image\" \/>\n<meta name=\"twitter:label1\" content=\"Est. reading time\" \/>\n\t<meta name=\"twitter:data1\" content=\"1 minute\" \/>\n<script type=\"application\/ld+json\" class=\"yoast-schema-graph\">{\"@context\":\"https:\\\/\\\/schema.org\",\"@graph\":[{\"@type\":[\"WebPage\",\"ContactPage\"],\"@id\":\"https:\\\/\\\/amazonexpeditionsperu.com\\\/contacto\\\/\",\"url\":\"https:\\\/\\\/amazonexpeditionsperu.com\\\/contacto\\\/\",\"name\":\"Contacto - Amazon Expeditions Peru\",\"isPartOf\":{\"@id\":\"https:\\\/\\\/amazonexpeditionsperu.com\\\/en\\\/#website\"},\"primaryImageOfPage\":{\"@id\":\"https:\\\/\\\/amazonexpeditionsperu.com\\\/contacto\\\/#primaryimage\"},\"image\":{\"@id\":\"https:\\\/\\\/amazonexpeditionsperu.com\\\/contacto\\\/#primaryimage\"},\"thumbnailUrl\":\"https:\\\/\\\/amazonexpeditionsperu.com\\\/wp-content\\\/uploads\\\/2022\\\/09\\\/Loros-peruanos-Amazon-Expeditions-Peru.jpg\",\"datePublished\":\"2020-08-14T11:55:45+00:00\",\"dateModified\":\"2022-09-02T15:58:39+00:00\",\"description\":\"Descubre los mejores paquetes tur\u00edsticos en Iquitos con Amazon Expeditions Per\u00fa. Cont\u00e1ctanos +51 989 922 090. Paquetes tur\u00edsticos en el Amazonas\",\"breadcrumb\":{\"@id\":\"https:\\\/\\\/amazonexpeditionsperu.com\\\/contacto\\\/#breadcrumb\"},\"inLanguage\":\"en-US\",\"potentialAction\":[{\"@type\":\"ReadAction\",\"target\":[\"https:\\\/\\\/amazonexpeditionsperu.com\\\/contacto\\\/\"]}]},{\"@type\":\"ImageObject\",\"inLanguage\":\"en-US\",\"@id\":\"https:\\\/\\\/amazonexpeditionsperu.com\\\/contacto\\\/#primaryimage\",\"url\":\"https:\\\/\\\/amazonexpeditionsperu.com\\\/wp-content\\\/uploads\\\/2022\\\/09\\\/Loros-peruanos-Amazon-Expeditions-Peru.jpg\",\"contentUrl\":\"https:\\\/\\\/amazonexpeditionsperu.com\\\/wp-content\\\/uploads\\\/2022\\\/09\\\/Loros-peruanos-Amazon-Expeditions-Peru.jpg\"},{\"@type\":\"BreadcrumbList\",\"@id\":\"https:\\\/\\\/amazonexpeditionsperu.com\\\/contacto\\\/#breadcrumb\",\"itemListElement\":[{\"@type\":\"ListItem\",\"position\":1,\"name\":\"Portada\",\"item\":\"https:\\\/\\\/amazonexpeditionsperu.com\\\/\"},{\"@type\":\"ListItem\",\"position\":2,\"name\":\"Contacto\"}]},{\"@type\":\"WebSite\",\"@id\":\"https:\\\/\\\/amazonexpeditionsperu.com\\\/en\\\/#website\",\"url\":\"https:\\\/\\\/amazonexpeditionsperu.com\\\/en\\\/\",\"name\":\"Amazon Expeditions Peru\",\"description\":\"Otro sitio realizado con WordPress\",\"potentialAction\":[{\"@type\":\"SearchAction\",\"target\":{\"@type\":\"EntryPoint\",\"urlTemplate\":\"https:\\\/\\\/amazonexpeditionsperu.com\\\/en\\\/?s={search_term_string}\"},\"query-input\":{\"@type\":\"PropertyValueSpecification\",\"valueRequired\":true,\"valueName\":\"search_term_string\"}}],\"inLanguage\":\"en-US\"}]}<\/script>\n<!-- \/ Yoast SEO plugin. -->","yoast_head_json":{"title":"Contacto - Amazon Expeditions Peru","description":"Descubre los mejores paquetes tur\u00edsticos en Iquitos con Amazon Expeditions Per\u00fa. Cont\u00e1ctanos +51 989 922 090. Paquetes tur\u00edsticos en el Amazonas","robots":{"index":"index","follow":"follow","max-snippet":"max-snippet:-1","max-image-preview":"max-image-preview:large","max-video-preview":"max-video-preview:-1"},"canonical":"https:\/\/amazonexpeditionsperu.com\/en\/contacto\/","og_locale":"en_US","og_type":"article","og_title":"Contacto - Amazon Expeditions Peru","og_description":"Descubre los mejores paquetes tur\u00edsticos en Iquitos con Amazon Expeditions Per\u00fa. Cont\u00e1ctanos +51 989 922 090. Paquetes tur\u00edsticos en el Amazonas","og_url":"https:\/\/amazonexpeditionsperu.com\/en\/contacto\/","og_site_name":"Amazon Expeditions Peru","article_modified_time":"2022-09-02T15:58:39+00:00","og_image":[{"url":"https:\/\/amazonexpeditionsperu.com\/wp-content\/uploads\/2022\/09\/Loros-peruanos-Amazon-Expeditions-Peru.jpg","type":"","width":"","height":""}],"twitter_card":"summary_large_image","twitter_misc":{"Est. reading time":"1 minute"},"schema":{"@context":"https:\/\/schema.org","@graph":[{"@type":["WebPage","ContactPage"],"@id":"https:\/\/amazonexpeditionsperu.com\/contacto\/","url":"https:\/\/amazonexpeditionsperu.com\/contacto\/","name":"Contacto - Amazon Expeditions Peru","isPartOf":{"@id":"https:\/\/amazonexpeditionsperu.com\/en\/#website"},"primaryImageOfPage":{"@id":"https:\/\/amazonexpeditionsperu.com\/contacto\/#primaryimage"},"image":{"@id":"https:\/\/amazonexpeditionsperu.com\/contacto\/#primaryimage"},"thumbnailUrl":"https:\/\/amazonexpeditionsperu.com\/wp-content\/uploads\/2022\/09\/Loros-peruanos-Amazon-Expeditions-Peru.jpg","datePublished":"2020-08-14T11:55:45+00:00","dateModified":"2022-09-02T15:58:39+00:00","description":"Descubre los mejores paquetes tur\u00edsticos en Iquitos con Amazon Expeditions Per\u00fa. Cont\u00e1ctanos +51 989 922 090. Paquetes tur\u00edsticos en el Amazonas","breadcrumb":{"@id":"https:\/\/amazonexpeditionsperu.com\/contacto\/#breadcrumb"},"inLanguage":"en-US","potentialAction":[{"@type":"ReadAction","target":["https:\/\/amazonexpeditionsperu.com\/contacto\/"]}]},{"@type":"ImageObject","inLanguage":"en-US","@id":"https:\/\/amazonexpeditionsperu.com\/contacto\/#primaryimage","url":"https:\/\/amazonexpeditionsperu.com\/wp-content\/uploads\/2022\/09\/Loros-peruanos-Amazon-Expeditions-Peru.jpg","contentUrl":"https:\/\/amazonexpeditionsperu.com\/wp-content\/uploads\/2022\/09\/Loros-peruanos-Amazon-Expeditions-Peru.jpg"},{"@type":"BreadcrumbList","@id":"https:\/\/amazonexpeditionsperu.com\/contacto\/#breadcrumb","itemListElement":[{"@type":"ListItem","position":1,"name":"Portada","item":"https:\/\/amazonexpeditionsperu.com\/"},{"@type":"ListItem","position":2,"name":"Contacto"}]},{"@type":"WebSite","@id":"https:\/\/amazonexpeditionsperu.com\/en\/#website","url":"https:\/\/amazonexpeditionsperu.com\/en\/","name":"Amazon Expeditions Peru","description":"Otro sitio realizado con WordPress","potentialAction":[{"@type":"SearchAction","target":{"@type":"EntryPoint","urlTemplate":"https:\/\/amazonexpeditionsperu.com\/en\/?s={search_term_string}"},"query-input":{"@type":"PropertyValueSpecification","valueRequired":true,"valueName":"search_term_string"}}],"inLanguage":"en-US"}]}},"_links":{"self":[{"href":"https:\/\/amazonexpeditionsperu.com\/en\/wp-json\/wp\/v2\/pages\/44","targetHints":{"allow":["GET"]}}],"collection":[{"href":"https:\/\/amazonexpeditionsperu.com\/en\/wp-json\/wp\/v2\/pages"}],"about":[{"href":"https:\/\/amazonexpeditionsperu.com\/en\/wp-json\/wp\/v2\/types\/page"}],"author":[{"embeddable":true,"href":"https:\/\/amazonexpeditionsperu.com\/en\/wp-json\/wp\/v2\/users\/7"}],"replies":[{"embeddable":true,"href":"https:\/\/amazonexpeditionsperu.com\/en\/wp-json\/wp\/v2\/comments?post=44"}],"version-history":[{"count":28,"href":"https:\/\/amazonexpeditionsperu.com\/en\/wp-json\/wp\/v2\/pages\/44\/revisions"}],"predecessor-version":[{"id":3744,"href":"https:\/\/amazonexpeditionsperu.com\/en\/wp-json\/wp\/v2\/pages\/44\/revisions\/3744"}],"wp:attachment":[{"href":"https:\/\/amazonexpeditionsperu.com\/en\/wp-json\/wp\/v2\/media?parent=44"}],"curies":[{"name":"wp","href":"https:\/\/api.w.org\/{rel}","templated":true}]}}