{"id":4014,"date":"2022-10-31T08:01:25","date_gmt":"2022-10-31T13:01:25","guid":{"rendered":"https:\/\/amazonexpeditionsperu.com\/?page_id=4014"},"modified":"2022-11-28T07:13:58","modified_gmt":"2022-11-28T12:13:58","slug":"ayahuasca-mistica","status":"publish","type":"page","link":"https:\/\/amazonexpeditionsperu.com\/en\/ayahuasca-mistica\/","title":{"rendered":"Ayahuasca Retreats"},"content":{"rendered":"<div data-elementor-type=\"wp-page\" data-elementor-id=\"4014\" class=\"elementor elementor-4014\">\n\t\t\t\t\t\t<section class=\"elementor-section elementor-top-section elementor-element elementor-element-308b1c8 elementor-section-full_width elementor-section-height-default elementor-section-height-default\" data-id=\"308b1c8\" data-element_type=\"section\" data-settings=\"{&quot;background_background&quot;:&quot;classic&quot;}\">\n\t\t\t\t\t\t\t<div class=\"elementor-background-overlay\"><\/div>\n\t\t\t\t\t\t\t<div class=\"elementor-container elementor-column-gap-default\">\n\t\t\t\t\t<div class=\"elementor-column elementor-col-100 elementor-top-column elementor-element elementor-element-bb067eb\" data-id=\"bb067eb\" data-element_type=\"column\">\n\t\t\t<div class=\"elementor-widget-wrap elementor-element-populated\">\n\t\t\t\t\t\t<div class=\"elementor-element elementor-element-75b6c81 elementor-widget elementor-widget-heading\" data-id=\"75b6c81\" data-element_type=\"widget\" data-widget_type=\"heading.default\">\n\t\t\t\t<div class=\"elementor-widget-container\">\n\t\t\t<h2 class=\"elementor-heading-title elementor-size-default\">Ayahuasca Retreats<\/h2>\t\t<\/div>\n\t\t\t\t<\/div>\n\t\t\t\t\t<\/div>\n\t\t<\/div>\n\t\t\t\t\t<\/div>\n\t\t<\/section>\n\t\t\t\t<section class=\"elementor-section elementor-top-section elementor-element elementor-element-d15502a elementor-section-boxed elementor-section-height-default elementor-section-height-default\" data-id=\"d15502a\" data-element_type=\"section\" data-settings=\"{&quot;background_background&quot;:&quot;classic&quot;}\">\n\t\t\t\t\t\t<div class=\"elementor-container elementor-column-gap-default\">\n\t\t\t\t\t<div class=\"elementor-column elementor-col-50 elementor-top-column elementor-element elementor-element-9a99a98\" data-id=\"9a99a98\" data-element_type=\"column\">\n\t\t\t<div class=\"elementor-widget-wrap elementor-element-populated\">\n\t\t\t\t\t\t<div class=\"elementor-element elementor-element-a8230e9 elementor-hidden-desktop elementor-hidden-tablet elementor-widget elementor-widget-image\" data-id=\"a8230e9\" data-element_type=\"widget\" data-widget_type=\"image.default\">\n\t\t\t\t<div class=\"elementor-widget-container\">\n\t\t\t\t\t\t\t\t\t\t\t\t\t<img fetchpriority=\"high\" decoding=\"async\" width=\"1200\" height=\"800\" src=\"https:\/\/amazonexpeditionsperu.com\/wp-content\/uploads\/2022\/10\/Medicina-Natural-con-Ayahuasca-Amazon-Expeditions-Peru-1.webp\" class=\"attachment-full size-full wp-image-4027\" alt=\"\" srcset=\"https:\/\/amazonexpeditionsperu.com\/wp-content\/uploads\/2022\/10\/Medicina-Natural-con-Ayahuasca-Amazon-Expeditions-Peru-1.webp 1200w, https:\/\/amazonexpeditionsperu.com\/wp-content\/uploads\/2022\/10\/Medicina-Natural-con-Ayahuasca-Amazon-Expeditions-Peru-1-300x200.webp 300w, https:\/\/amazonexpeditionsperu.com\/wp-content\/uploads\/2022\/10\/Medicina-Natural-con-Ayahuasca-Amazon-Expeditions-Peru-1-1024x683.webp 1024w, https:\/\/amazonexpeditionsperu.com\/wp-content\/uploads\/2022\/10\/Medicina-Natural-con-Ayahuasca-Amazon-Expeditions-Peru-1-768x512.webp 768w, https:\/\/amazonexpeditionsperu.com\/wp-content\/uploads\/2022\/10\/Medicina-Natural-con-Ayahuasca-Amazon-Expeditions-Peru-1-18x12.webp 18w, https:\/\/amazonexpeditionsperu.com\/wp-content\/uploads\/2022\/10\/Medicina-Natural-con-Ayahuasca-Amazon-Expeditions-Peru-1-810x540.webp 810w\" sizes=\"(max-width: 1200px) 100vw, 1200px\" \/>\t\t\t\t\t\t\t\t\t\t\t\t\t<\/div>\n\t\t\t\t<\/div>\n\t\t\t\t\t<\/div>\n\t\t<\/div>\n\t\t\t\t<div class=\"elementor-column elementor-col-50 elementor-top-column elementor-element elementor-element-cd507d0\" data-id=\"cd507d0\" data-element_type=\"column\" data-settings=\"{&quot;background_background&quot;:&quot;classic&quot;}\">\n\t\t\t<div class=\"elementor-widget-wrap elementor-element-populated\">\n\t\t\t\t\t\t<div class=\"elementor-element elementor-element-39c8b19 elementor-widget elementor-widget-heading\" data-id=\"39c8b19\" data-element_type=\"widget\" data-widget_type=\"heading.default\">\n\t\t\t\t<div class=\"elementor-widget-container\">\n\t\t\t<h2 class=\"elementor-heading-title elementor-size-medium\">Curing, kambo, emotional healing and shamanism retreat<\/h2>\t\t<\/div>\n\t\t\t\t<\/div>\n\t\t\t\t<div class=\"elementor-element elementor-element-36adf4c elementor-widget elementor-widget-text-editor\" data-id=\"36adf4c\" data-element_type=\"widget\" data-widget_type=\"text-editor.default\">\n\t\t\t\t<div class=\"elementor-widget-container\">\n\t\t\t\t\t\t\t<p>Ayahuasca <strong>and healing retreats<\/strong> attract more and more people to the Amazon each year. They come to heal physical illnesses, emotional traumas, mental conditions, and spiritual afflictions. They come looking for a deeper connection with nature, with the spirit, with God, with themselves.<\/p><p>Ayahuasca ceremonies <strong>and the indigenous tradition of plant medicine<\/strong> provide an incredibly effective way to achieve balance, harmony, and happiness. Our path is a truly holistic approach to healing the body, mind and spirit. Our healing methods are rooted in ancient traditions, respect for nature and the wisdom of plant spirits. This is the best way.<\/p><p>In each program you will find a list of optional tours that can be included depending on the number of days you spend with us and considering your physical condition after having participated in the Ayahuasca ceremonies. If interested, please check with our local guide to discuss any last minute changes or questions.<\/p><p>We invite you to be part of this wonderful experience.<\/p>\t\t\t\t\t\t<\/div>\n\t\t\t\t<\/div>\n\t\t\t\t\t<\/div>\n\t\t<\/div>\n\t\t\t\t\t<\/div>\n\t\t<\/section>\n\t\t\t\t<section class=\"elementor-section elementor-top-section elementor-element elementor-element-f3c57ba elementor-section-boxed elementor-section-height-default elementor-section-height-default\" data-id=\"f3c57ba\" data-element_type=\"section\" data-settings=\"{&quot;background_background&quot;:&quot;classic&quot;}\">\n\t\t\t\t\t\t<div class=\"elementor-container elementor-column-gap-default\">\n\t\t\t\t\t<div class=\"elementor-column elementor-col-50 elementor-top-column elementor-element elementor-element-c4d1121\" data-id=\"c4d1121\" data-element_type=\"column\">\n\t\t\t<div class=\"elementor-widget-wrap elementor-element-populated\">\n\t\t\t\t\t\t<div class=\"elementor-element elementor-element-7ab6b89 elementor-hidden-desktop elementor-hidden-tablet elementor-widget elementor-widget-image\" data-id=\"7ab6b89\" data-element_type=\"widget\" data-widget_type=\"image.default\">\n\t\t\t\t<div class=\"elementor-widget-container\">\n\t\t\t\t\t\t\t\t\t\t\t\t\t<img decoding=\"async\" width=\"1200\" height=\"800\" src=\"https:\/\/amazonexpeditionsperu.com\/wp-content\/uploads\/2022\/11\/Retiros-Kambo-Medicinal-Amazon-Expeditions-Peru.webp\" class=\"attachment-full size-full wp-image-4205\" alt=\"\" srcset=\"https:\/\/amazonexpeditionsperu.com\/wp-content\/uploads\/2022\/11\/Retiros-Kambo-Medicinal-Amazon-Expeditions-Peru.webp 1200w, https:\/\/amazonexpeditionsperu.com\/wp-content\/uploads\/2022\/11\/Retiros-Kambo-Medicinal-Amazon-Expeditions-Peru-300x200.webp 300w, https:\/\/amazonexpeditionsperu.com\/wp-content\/uploads\/2022\/11\/Retiros-Kambo-Medicinal-Amazon-Expeditions-Peru-1024x683.webp 1024w, https:\/\/amazonexpeditionsperu.com\/wp-content\/uploads\/2022\/11\/Retiros-Kambo-Medicinal-Amazon-Expeditions-Peru-768x512.webp 768w, https:\/\/amazonexpeditionsperu.com\/wp-content\/uploads\/2022\/11\/Retiros-Kambo-Medicinal-Amazon-Expeditions-Peru-18x12.webp 18w, https:\/\/amazonexpeditionsperu.com\/wp-content\/uploads\/2022\/11\/Retiros-Kambo-Medicinal-Amazon-Expeditions-Peru-810x540.webp 810w\" sizes=\"(max-width: 1200px) 100vw, 1200px\" \/>\t\t\t\t\t\t\t\t\t\t\t\t\t<\/div>\n\t\t\t\t<\/div>\n\t\t\t\t\t<\/div>\n\t\t<\/div>\n\t\t\t\t<div class=\"elementor-column elementor-col-50 elementor-top-column elementor-element elementor-element-9148885\" data-id=\"9148885\" data-element_type=\"column\" data-settings=\"{&quot;background_background&quot;:&quot;classic&quot;}\">\n\t\t\t<div class=\"elementor-widget-wrap elementor-element-populated\">\n\t\t\t\t\t\t<div class=\"elementor-element elementor-element-9fb2a4e elementor-widget elementor-widget-heading\" data-id=\"9fb2a4e\" data-element_type=\"widget\" data-widget_type=\"heading.default\">\n\t\t\t\t<div class=\"elementor-widget-container\">\n\t\t\t<h2 class=\"elementor-heading-title elementor-size-medium\">Kambo, the vaccine of the ancestral cultures of the Amazon<\/h2>\t\t<\/div>\n\t\t\t\t<\/div>\n\t\t\t\t<div class=\"elementor-element elementor-element-34e1187 elementor-widget elementor-widget-text-editor\" data-id=\"34e1187\" data-element_type=\"widget\" data-widget_type=\"text-editor.default\">\n\t\t\t\t<div class=\"elementor-widget-container\">\n\t\t\t\t\t\t\t<p>Kambo has a wide curative spectrum that goes from the restoration of physical strength to the disappearance of spiritual blockages.\u00a0<\/p><p>Venom from the Giant Monkey Frog (Phyllomedusa Bicolor) is applied to the skin through small burns made with tamshi (Amazonian liana). Once applied, the Kambo stimulates a strong physical purge, which induces the elimination of toxins from the body and bad luck from the spirit.\u00a0<\/p><p>Kambo peptides cover a wide range of possible therapeutic uses such as antibiotics, anti-inflammatories, detoxifiers, strengthens the immune system, balances the two hemispheres of the brain, among other health benefits, as well as sensory and spiritual benefits.\u00a0<\/p><p>Our Kambo application session is guided by an expert Amazonian shaman, heir to the wisdom and sanctification of wild nature. In this program you will have the opportunity to restore your health and integrate your spirit with the different aspects of your being.\u00a0<\/p>\t\t\t\t\t\t<\/div>\n\t\t\t\t<\/div>\n\t\t\t\t\t<\/div>\n\t\t<\/div>\n\t\t\t\t\t<\/div>\n\t\t<\/section>\n\t\t\t\t<section class=\"elementor-section elementor-top-section elementor-element elementor-element-a70155e elementor-section-boxed elementor-section-height-default elementor-section-height-default\" data-id=\"a70155e\" data-element_type=\"section\" data-settings=\"{&quot;background_background&quot;:&quot;classic&quot;}\">\n\t\t\t\t\t\t<div class=\"elementor-container elementor-column-gap-default\">\n\t\t\t\t\t<div class=\"elementor-column elementor-col-100 elementor-top-column elementor-element elementor-element-d5bf73a\" data-id=\"d5bf73a\" data-element_type=\"column\">\n\t\t\t<div class=\"elementor-widget-wrap elementor-element-populated\">\n\t\t\t\t\t\t<div class=\"elementor-element elementor-element-3fbe06b elementor-widget elementor-widget-heading\" data-id=\"3fbe06b\" data-element_type=\"widget\" data-widget_type=\"heading.default\">\n\t\t\t\t<div class=\"elementor-widget-container\">\n\t\t\t<h2 class=\"elementor-heading-title elementor-size-large\">Book your Ayahuasca retreat<\/h2>\t\t<\/div>\n\t\t\t\t<\/div>\n\t\t\t\t<div class=\"elementor-element elementor-element-da0f097 elementor-widget elementor-widget-heading\" data-id=\"da0f097\" data-element_type=\"widget\" data-widget_type=\"heading.default\">\n\t\t\t\t<div class=\"elementor-widget-container\">\n\t\t\t<h3 class=\"elementor-heading-title elementor-size-medium\">Discover our 7 and 10 day programs<\/h3>\t\t<\/div>\n\t\t\t\t<\/div>\n\t\t\t\t\t<\/div>\n\t\t<\/div>\n\t\t\t\t\t<\/div>\n\t\t<\/section>\n\t\t\t\t<section class=\"elementor-section elementor-top-section elementor-element elementor-element-5e636d7 elementor-section-boxed elementor-section-height-default elementor-section-height-default\" data-id=\"5e636d7\" data-element_type=\"section\">\n\t\t\t\t\t\t<div class=\"elementor-container elementor-column-gap-extended\">\n\t\t\t\t\t<div class=\"elementor-column elementor-col-50 elementor-top-column elementor-element elementor-element-536ecf8\" data-id=\"536ecf8\" data-element_type=\"column\" data-settings=\"{&quot;background_background&quot;:&quot;classic&quot;}\">\n\t\t\t<div class=\"elementor-widget-wrap elementor-element-populated\">\n\t\t\t\t\t<div class=\"elementor-background-overlay\"><\/div>\n\t\t\t\t\t\t<div class=\"elementor-element elementor-element-c14784a elementor-widget elementor-widget-spacer\" data-id=\"c14784a\" data-element_type=\"widget\" data-widget_type=\"spacer.default\">\n\t\t\t\t<div class=\"elementor-widget-container\">\n\t\t\t\t\t<div class=\"elementor-spacer\">\n\t\t\t<div class=\"elementor-spacer-inner\"><\/div>\n\t\t<\/div>\n\t\t\t\t<\/div>\n\t\t\t\t<\/div>\n\t\t\t\t<div class=\"elementor-element elementor-element-49d5753 elementor-widget elementor-widget-heading\" data-id=\"49d5753\" data-element_type=\"widget\" data-widget_type=\"heading.default\">\n\t\t\t\t<div class=\"elementor-widget-container\">\n\t\t\t<h2 class=\"elementor-heading-title elementor-size-default\"><a href=\"https:\/\/amazonexpeditionsperu.com\/en\/ayahuasca-mistica-7-dias-6-noches\/\">Spiritual Ayahuasca<\/a><\/h2>\t\t<\/div>\n\t\t\t\t<\/div>\n\t\t\t\t<div class=\"elementor-element elementor-element-9f3ec38 elementor-widget elementor-widget-heading\" data-id=\"9f3ec38\" data-element_type=\"widget\" data-widget_type=\"heading.default\">\n\t\t\t\t<div class=\"elementor-widget-container\">\n\t\t\t<h2 class=\"elementor-heading-title elementor-size-medium\">Program: 7 days<\/h2>\t\t<\/div>\n\t\t\t\t<\/div>\n\t\t\t\t<div class=\"elementor-element elementor-element-797a021 elementor-widget elementor-widget-button\" data-id=\"797a021\" data-element_type=\"widget\" data-widget_type=\"button.default\">\n\t\t\t\t<div class=\"elementor-widget-container\">\n\t\t\t\t\t<div class=\"elementor-button-wrapper\">\n\t\t\t<a class=\"elementor-button elementor-button-link elementor-size-sm\" href=\"https:\/\/amazonexpeditionsperu.com\/en\/ayahuasca-mistica-7-dias-6-noches\/\">\n\t\t\t\t\t\t<span class=\"elementor-button-content-wrapper\">\n\t\t\t\t\t\t\t\t\t<span class=\"elementor-button-text\">RESERVE<\/span>\n\t\t\t\t\t<\/span>\n\t\t\t\t\t<\/a>\n\t\t<\/div>\n\t\t\t\t<\/div>\n\t\t\t\t<\/div>\n\t\t\t\t\t<\/div>\n\t\t<\/div>\n\t\t\t\t<div class=\"elementor-column elementor-col-50 elementor-top-column elementor-element elementor-element-9892fff\" data-id=\"9892fff\" data-element_type=\"column\" data-settings=\"{&quot;background_background&quot;:&quot;classic&quot;}\">\n\t\t\t<div class=\"elementor-widget-wrap elementor-element-populated\">\n\t\t\t\t\t<div class=\"elementor-background-overlay\"><\/div>\n\t\t\t\t\t\t<div class=\"elementor-element elementor-element-07267bb elementor-widget elementor-widget-spacer\" data-id=\"07267bb\" data-element_type=\"widget\" data-widget_type=\"spacer.default\">\n\t\t\t\t<div class=\"elementor-widget-container\">\n\t\t\t\t\t<div class=\"elementor-spacer\">\n\t\t\t<div class=\"elementor-spacer-inner\"><\/div>\n\t\t<\/div>\n\t\t\t\t<\/div>\n\t\t\t\t<\/div>\n\t\t\t\t<div class=\"elementor-element elementor-element-419c3db elementor-widget elementor-widget-heading\" data-id=\"419c3db\" data-element_type=\"widget\" data-widget_type=\"heading.default\">\n\t\t\t\t<div class=\"elementor-widget-container\">\n\t\t\t<h2 class=\"elementor-heading-title elementor-size-default\"><a href=\"https:\/\/amazonexpeditionsperu.com\/en\/ayahuasca-mistica-10-dias-9-noches\/\">Mystic Ayahuasca<\/a><\/h2>\t\t<\/div>\n\t\t\t\t<\/div>\n\t\t\t\t<div class=\"elementor-element elementor-element-4da9801 elementor-widget elementor-widget-heading\" data-id=\"4da9801\" data-element_type=\"widget\" data-widget_type=\"heading.default\">\n\t\t\t\t<div class=\"elementor-widget-container\">\n\t\t\t<h2 class=\"elementor-heading-title elementor-size-medium\">Program: 10 days<\/h2>\t\t<\/div>\n\t\t\t\t<\/div>\n\t\t\t\t<div class=\"elementor-element elementor-element-1f99302 elementor-widget elementor-widget-button\" data-id=\"1f99302\" data-element_type=\"widget\" data-widget_type=\"button.default\">\n\t\t\t\t<div class=\"elementor-widget-container\">\n\t\t\t\t\t<div class=\"elementor-button-wrapper\">\n\t\t\t<a class=\"elementor-button elementor-button-link elementor-size-sm\" href=\"https:\/\/amazonexpeditionsperu.com\/en\/ayahuasca-mistica-10-dias-9-noches\/\">\n\t\t\t\t\t\t<span class=\"elementor-button-content-wrapper\">\n\t\t\t\t\t\t\t\t\t<span class=\"elementor-button-text\">RESERVE<\/span>\n\t\t\t\t\t<\/span>\n\t\t\t\t\t<\/a>\n\t\t<\/div>\n\t\t\t\t<\/div>\n\t\t\t\t<\/div>\n\t\t\t\t\t<\/div>\n\t\t<\/div>\n\t\t\t\t\t<\/div>\n\t\t<\/section>\n\t\t\t\t<\/div>","protected":false},"excerpt":{"rendered":"<p>Retiros de Ayahuasca Retiro de sanaci\u00f3n, curaci\u00f3n, kambo y chamanismo Los retiros de ayahuasca y de sanaci\u00f3n atraen cada vez a m\u00e1s personas a la Amazon\u00eda cada a\u00f1o. Vienen a sanar enfermedades f\u00edsicas, traumas emocionales, condiciones mentales y aflicciones espirituales. Vienen buscando una conexi\u00f3n m\u00e1s profunda con la naturaleza, con el esp\u00edritu, con Dios, consigo &hellip; <br \/><a href=\"https:\/\/amazonexpeditionsperu.com\/en\/ayahuasca-mistica\/\" class=\"more-link\">Continue reading <span class=\"screen-reader-text\">Ayahuasca Retreats<\/span><\/a><\/p>","protected":false},"author":7,"featured_media":0,"parent":0,"menu_order":0,"comment_status":"closed","ping_status":"closed","template":"elementor_header_footer","meta":{"_joinchat":[],"footnotes":""},"class_list":["post-4014","page","type-page","status-publish","hentry"],"yoast_head":"<!-- This site is optimized with the Yoast SEO plugin v27.4 - https:\/\/yoast.com\/product\/yoast-seo-wordpress\/ -->\n<title>Retiros de Ayahuasca - Amazon Expeditions Peru<\/title>\n<meta name=\"robots\" content=\"index, follow, max-snippet:-1, max-image-preview:large, max-video-preview:-1\" \/>\n<link rel=\"canonical\" href=\"https:\/\/amazonexpeditionsperu.com\/en\/ayahuasca-mistica\/\" \/>\n<meta property=\"og:locale\" content=\"en_US\" \/>\n<meta property=\"og:type\" content=\"article\" \/>\n<meta property=\"og:title\" content=\"Retiros de Ayahuasca - Amazon Expeditions Peru\" \/>\n<meta property=\"og:description\" content=\"Retiros de Ayahuasca Retiro de sanaci\u00f3n, curaci\u00f3n, kambo y chamanismo Los retiros de ayahuasca y de sanaci\u00f3n atraen cada vez a m\u00e1s personas a la Amazon\u00eda cada a\u00f1o. Vienen a sanar enfermedades f\u00edsicas, traumas emocionales, condiciones mentales y aflicciones espirituales. Vienen buscando una conexi\u00f3n m\u00e1s profunda con la naturaleza, con el esp\u00edritu, con Dios, consigo &hellip; Continue reading Retiros de Ayahuasca\" \/>\n<meta property=\"og:url\" content=\"https:\/\/amazonexpeditionsperu.com\/en\/ayahuasca-mistica\/\" \/>\n<meta property=\"og:site_name\" content=\"Amazon Expeditions Peru\" \/>\n<meta property=\"article:modified_time\" content=\"2022-11-28T12:13:58+00:00\" \/>\n<meta property=\"og:image\" content=\"https:\/\/amazonexpeditionsperu.com\/wp-content\/uploads\/2022\/10\/Medicina-Natural-con-Ayahuasca-Amazon-Expeditions-Peru-1.webp\" \/>\n<meta name=\"twitter:card\" content=\"summary_large_image\" \/>\n<meta name=\"twitter:label1\" content=\"Est. reading time\" \/>\n\t<meta name=\"twitter:data1\" content=\"3 minutes\" \/>\n<script type=\"application\/ld+json\" class=\"yoast-schema-graph\">{\"@context\":\"https:\\\/\\\/schema.org\",\"@graph\":[{\"@type\":\"WebPage\",\"@id\":\"https:\\\/\\\/amazonexpeditionsperu.com\\\/ayahuasca-mistica\\\/\",\"url\":\"https:\\\/\\\/amazonexpeditionsperu.com\\\/ayahuasca-mistica\\\/\",\"name\":\"Retiros de Ayahuasca - Amazon Expeditions Peru\",\"isPartOf\":{\"@id\":\"https:\\\/\\\/amazonexpeditionsperu.com\\\/en\\\/#website\"},\"primaryImageOfPage\":{\"@id\":\"https:\\\/\\\/amazonexpeditionsperu.com\\\/ayahuasca-mistica\\\/#primaryimage\"},\"image\":{\"@id\":\"https:\\\/\\\/amazonexpeditionsperu.com\\\/ayahuasca-mistica\\\/#primaryimage\"},\"thumbnailUrl\":\"https:\\\/\\\/amazonexpeditionsperu.com\\\/wp-content\\\/uploads\\\/2022\\\/10\\\/Medicina-Natural-con-Ayahuasca-Amazon-Expeditions-Peru-1.webp\",\"datePublished\":\"2022-10-31T13:01:25+00:00\",\"dateModified\":\"2022-11-28T12:13:58+00:00\",\"breadcrumb\":{\"@id\":\"https:\\\/\\\/amazonexpeditionsperu.com\\\/ayahuasca-mistica\\\/#breadcrumb\"},\"inLanguage\":\"en-US\",\"potentialAction\":[{\"@type\":\"ReadAction\",\"target\":[\"https:\\\/\\\/amazonexpeditionsperu.com\\\/ayahuasca-mistica\\\/\"]}]},{\"@type\":\"ImageObject\",\"inLanguage\":\"en-US\",\"@id\":\"https:\\\/\\\/amazonexpeditionsperu.com\\\/ayahuasca-mistica\\\/#primaryimage\",\"url\":\"https:\\\/\\\/amazonexpeditionsperu.com\\\/wp-content\\\/uploads\\\/2022\\\/10\\\/Medicina-Natural-con-Ayahuasca-Amazon-Expeditions-Peru-1.webp\",\"contentUrl\":\"https:\\\/\\\/amazonexpeditionsperu.com\\\/wp-content\\\/uploads\\\/2022\\\/10\\\/Medicina-Natural-con-Ayahuasca-Amazon-Expeditions-Peru-1.webp\"},{\"@type\":\"BreadcrumbList\",\"@id\":\"https:\\\/\\\/amazonexpeditionsperu.com\\\/ayahuasca-mistica\\\/#breadcrumb\",\"itemListElement\":[{\"@type\":\"ListItem\",\"position\":1,\"name\":\"Portada\",\"item\":\"https:\\\/\\\/amazonexpeditionsperu.com\\\/\"},{\"@type\":\"ListItem\",\"position\":2,\"name\":\"Retiros de Ayahuasca\"}]},{\"@type\":\"WebSite\",\"@id\":\"https:\\\/\\\/amazonexpeditionsperu.com\\\/en\\\/#website\",\"url\":\"https:\\\/\\\/amazonexpeditionsperu.com\\\/en\\\/\",\"name\":\"Amazon Expeditions Peru\",\"description\":\"Otro sitio realizado con WordPress\",\"potentialAction\":[{\"@type\":\"SearchAction\",\"target\":{\"@type\":\"EntryPoint\",\"urlTemplate\":\"https:\\\/\\\/amazonexpeditionsperu.com\\\/en\\\/?s={search_term_string}\"},\"query-input\":{\"@type\":\"PropertyValueSpecification\",\"valueRequired\":true,\"valueName\":\"search_term_string\"}}],\"inLanguage\":\"en-US\"}]}<\/script>\n<!-- \/ Yoast SEO plugin. -->","yoast_head_json":{"title":"Retiros de Ayahuasca - Amazon Expeditions Peru","robots":{"index":"index","follow":"follow","max-snippet":"max-snippet:-1","max-image-preview":"max-image-preview:large","max-video-preview":"max-video-preview:-1"},"canonical":"https:\/\/amazonexpeditionsperu.com\/en\/ayahuasca-mistica\/","og_locale":"en_US","og_type":"article","og_title":"Retiros de Ayahuasca - Amazon Expeditions Peru","og_description":"Retiros de Ayahuasca Retiro de sanaci\u00f3n, curaci\u00f3n, kambo y chamanismo Los retiros de ayahuasca y de sanaci\u00f3n atraen cada vez a m\u00e1s personas a la Amazon\u00eda cada a\u00f1o. Vienen a sanar enfermedades f\u00edsicas, traumas emocionales, condiciones mentales y aflicciones espirituales. Vienen buscando una conexi\u00f3n m\u00e1s profunda con la naturaleza, con el esp\u00edritu, con Dios, consigo &hellip; Continue reading Retiros de Ayahuasca","og_url":"https:\/\/amazonexpeditionsperu.com\/en\/ayahuasca-mistica\/","og_site_name":"Amazon Expeditions Peru","article_modified_time":"2022-11-28T12:13:58+00:00","og_image":[{"url":"https:\/\/amazonexpeditionsperu.com\/wp-content\/uploads\/2022\/10\/Medicina-Natural-con-Ayahuasca-Amazon-Expeditions-Peru-1.webp","type":"","width":"","height":""}],"twitter_card":"summary_large_image","twitter_misc":{"Est. reading time":"3 minutes"},"schema":{"@context":"https:\/\/schema.org","@graph":[{"@type":"WebPage","@id":"https:\/\/amazonexpeditionsperu.com\/ayahuasca-mistica\/","url":"https:\/\/amazonexpeditionsperu.com\/ayahuasca-mistica\/","name":"Retiros de Ayahuasca - Amazon Expeditions Peru","isPartOf":{"@id":"https:\/\/amazonexpeditionsperu.com\/en\/#website"},"primaryImageOfPage":{"@id":"https:\/\/amazonexpeditionsperu.com\/ayahuasca-mistica\/#primaryimage"},"image":{"@id":"https:\/\/amazonexpeditionsperu.com\/ayahuasca-mistica\/#primaryimage"},"thumbnailUrl":"https:\/\/amazonexpeditionsperu.com\/wp-content\/uploads\/2022\/10\/Medicina-Natural-con-Ayahuasca-Amazon-Expeditions-Peru-1.webp","datePublished":"2022-10-31T13:01:25+00:00","dateModified":"2022-11-28T12:13:58+00:00","breadcrumb":{"@id":"https:\/\/amazonexpeditionsperu.com\/ayahuasca-mistica\/#breadcrumb"},"inLanguage":"en-US","potentialAction":[{"@type":"ReadAction","target":["https:\/\/amazonexpeditionsperu.com\/ayahuasca-mistica\/"]}]},{"@type":"ImageObject","inLanguage":"en-US","@id":"https:\/\/amazonexpeditionsperu.com\/ayahuasca-mistica\/#primaryimage","url":"https:\/\/amazonexpeditionsperu.com\/wp-content\/uploads\/2022\/10\/Medicina-Natural-con-Ayahuasca-Amazon-Expeditions-Peru-1.webp","contentUrl":"https:\/\/amazonexpeditionsperu.com\/wp-content\/uploads\/2022\/10\/Medicina-Natural-con-Ayahuasca-Amazon-Expeditions-Peru-1.webp"},{"@type":"BreadcrumbList","@id":"https:\/\/amazonexpeditionsperu.com\/ayahuasca-mistica\/#breadcrumb","itemListElement":[{"@type":"ListItem","position":1,"name":"Portada","item":"https:\/\/amazonexpeditionsperu.com\/"},{"@type":"ListItem","position":2,"name":"Retiros de Ayahuasca"}]},{"@type":"WebSite","@id":"https:\/\/amazonexpeditionsperu.com\/en\/#website","url":"https:\/\/amazonexpeditionsperu.com\/en\/","name":"Amazon Expeditions Peru","description":"Otro sitio realizado con WordPress","potentialAction":[{"@type":"SearchAction","target":{"@type":"EntryPoint","urlTemplate":"https:\/\/amazonexpeditionsperu.com\/en\/?s={search_term_string}"},"query-input":{"@type":"PropertyValueSpecification","valueRequired":true,"valueName":"search_term_string"}}],"inLanguage":"en-US"}]}},"_links":{"self":[{"href":"https:\/\/amazonexpeditionsperu.com\/en\/wp-json\/wp\/v2\/pages\/4014","targetHints":{"allow":["GET"]}}],"collection":[{"href":"https:\/\/amazonexpeditionsperu.com\/en\/wp-json\/wp\/v2\/pages"}],"about":[{"href":"https:\/\/amazonexpeditionsperu.com\/en\/wp-json\/wp\/v2\/types\/page"}],"author":[{"embeddable":true,"href":"https:\/\/amazonexpeditionsperu.com\/en\/wp-json\/wp\/v2\/users\/7"}],"replies":[{"embeddable":true,"href":"https:\/\/amazonexpeditionsperu.com\/en\/wp-json\/wp\/v2\/comments?post=4014"}],"version-history":[{"count":95,"href":"https:\/\/amazonexpeditionsperu.com\/en\/wp-json\/wp\/v2\/pages\/4014\/revisions"}],"predecessor-version":[{"id":4301,"href":"https:\/\/amazonexpeditionsperu.com\/en\/wp-json\/wp\/v2\/pages\/4014\/revisions\/4301"}],"wp:attachment":[{"href":"https:\/\/amazonexpeditionsperu.com\/en\/wp-json\/wp\/v2\/media?parent=4014"}],"curies":[{"name":"wp","href":"https:\/\/api.w.org\/{rel}","templated":true}]}}