{"id":2238,"date":"2022-07-07T13:20:24","date_gmt":"2022-07-07T18:20:24","guid":{"rendered":"https:\/\/amazonexpeditionsperu.com\/?page_id=2238"},"modified":"2026-02-19T07:03:46","modified_gmt":"2026-02-19T12:03:46","slug":"delfin-i-master-suite","status":"publish","type":"page","link":"https:\/\/amazonexpeditionsperu.com\/en\/delfin-i-master-suite\/","title":{"rendered":"Delfin I &#8211; Master Suite"},"content":{"rendered":"<div data-elementor-type=\"wp-page\" data-elementor-id=\"2238\" class=\"elementor elementor-2238\">\n\t\t\t\t\t\t<section class=\"elementor-section elementor-top-section elementor-element elementor-element-6dc9429 elementor-section-boxed elementor-section-height-default elementor-section-height-default\" data-id=\"6dc9429\" data-element_type=\"section\">\n\t\t\t\t\t\t<div class=\"elementor-container elementor-column-gap-default\">\n\t\t\t\t\t<div class=\"elementor-column elementor-col-66 elementor-top-column elementor-element elementor-element-2422260\" data-id=\"2422260\" data-element_type=\"column\">\n\t\t\t<div class=\"elementor-widget-wrap elementor-element-populated\">\n\t\t\t\t\t\t<div class=\"elementor-element elementor-element-864f57f elementor-widget elementor-widget-heading\" data-id=\"864f57f\" data-element_type=\"widget\" data-widget_type=\"heading.default\">\n\t\t\t\t<div class=\"elementor-widget-container\">\n\t\t\t<h2 class=\"elementor-heading-title elementor-size-xl\">Delfin I - Master Suite<\/h2>\t\t<\/div>\n\t\t\t\t<\/div>\n\t\t\t\t<div class=\"elementor-element elementor-element-eacda35 elementor-widget elementor-widget-text-editor\" data-id=\"eacda35\" data-element_type=\"widget\" data-widget_type=\"text-editor.default\">\n\t\t\t\t<div class=\"elementor-widget-container\">\n\t\t\t\t\t\t\t<p>Located on the 2nd deck, these 2 Master Suites of 340 square feet and a private deck of 320 square feet share the same comforts as our Deluxe Suites, including the vessel\u2019s signature panoramic floor-to-ceiling windows, but without whirlpools.<\/p>\t\t\t\t\t\t<\/div>\n\t\t\t\t<\/div>\n\t\t\t\t<div class=\"elementor-element elementor-element-a635740 elementor--h-position-center elementor--v-position-middle elementor-arrows-position-inside elementor-pagination-position-inside elementor-widget elementor-widget-slides\" data-id=\"a635740\" data-element_type=\"widget\" data-settings=\"{&quot;navigation&quot;:&quot;both&quot;,&quot;autoplay&quot;:&quot;yes&quot;,&quot;pause_on_hover&quot;:&quot;yes&quot;,&quot;pause_on_interaction&quot;:&quot;yes&quot;,&quot;autoplay_speed&quot;:5000,&quot;infinite&quot;:&quot;yes&quot;,&quot;transition&quot;:&quot;slide&quot;,&quot;transition_speed&quot;:500}\" data-widget_type=\"slides.default\">\n\t\t\t\t<div class=\"elementor-widget-container\">\n\t\t\t\t\t<div class=\"elementor-swiper\">\n\t\t\t<div class=\"elementor-slides-wrapper elementor-main-swiper swiper-container\" dir=\"ltr\" data-animation=\"\">\n\t\t\t\t<div class=\"swiper-wrapper elementor-slides\">\n\t\t\t\t\t\t\t\t\t\t<div class=\"elementor-repeater-item-ea1ef2b swiper-slide\"><div class=\"swiper-slide-bg\"><\/div><div class=\"swiper-slide-inner\" ><div class=\"swiper-slide-contents\"><\/div><\/div><\/div><div class=\"elementor-repeater-item-c71588b swiper-slide\"><div class=\"swiper-slide-bg\"><\/div><div class=\"swiper-slide-inner\" ><div class=\"swiper-slide-contents\"><\/div><\/div><\/div><div class=\"elementor-repeater-item-e3d3b16 swiper-slide\"><div class=\"swiper-slide-bg\"><\/div><div class=\"swiper-slide-inner\" ><div class=\"swiper-slide-contents\"><\/div><\/div><\/div><div class=\"elementor-repeater-item-2ea810e swiper-slide\"><div class=\"swiper-slide-bg\"><\/div><div class=\"swiper-slide-inner\" ><div class=\"swiper-slide-contents\"><\/div><\/div><\/div>\t\t\t\t<\/div>\n\t\t\t\t\t\t\t\t\t\t\t\t\t\t\t<div class=\"swiper-pagination\"><\/div>\n\t\t\t\t\t\t\t\t\t\t\t\t\t\t\t\t<div class=\"elementor-swiper-button elementor-swiper-button-prev\">\n\t\t\t\t\t\t\t<i aria-hidden=\"true\" class=\"eicon-chevron-left\"><\/i>\t\t\t\t\t\t\t<span class=\"elementor-screen-only\">Previous<\/span>\n\t\t\t\t\t\t<\/div>\n\t\t\t\t\t\t<div class=\"elementor-swiper-button elementor-swiper-button-next\">\n\t\t\t\t\t\t\t<i aria-hidden=\"true\" class=\"eicon-chevron-right\"><\/i>\t\t\t\t\t\t\t<span class=\"elementor-screen-only\">Next<\/span>\n\t\t\t\t\t\t<\/div>\n\t\t\t\t\t\t\t\t\t\t\t\t<\/div>\n\t\t<\/div>\n\t\t\t\t<\/div>\n\t\t\t\t<\/div>\n\t\t\t\t<div class=\"elementor-element elementor-element-6a93132 elementor-widget elementor-widget-heading\" data-id=\"6a93132\" data-element_type=\"widget\" data-widget_type=\"heading.default\">\n\t\t\t\t<div class=\"elementor-widget-container\">\n\t\t\t<h2 class=\"elementor-heading-title elementor-size-large\">Features<\/h2>\t\t<\/div>\n\t\t\t\t<\/div>\n\t\t\t\t<section class=\"elementor-section elementor-inner-section elementor-element elementor-element-30a242a elementor-section-boxed elementor-section-height-default elementor-section-height-default\" data-id=\"30a242a\" data-element_type=\"section\">\n\t\t\t\t\t\t<div class=\"elementor-container elementor-column-gap-default\">\n\t\t\t\t\t<div class=\"elementor-column elementor-col-33 elementor-inner-column elementor-element elementor-element-6967259\" data-id=\"6967259\" data-element_type=\"column\">\n\t\t\t<div class=\"elementor-widget-wrap elementor-element-populated\">\n\t\t\t\t\t\t<div class=\"elementor-element elementor-element-6671517 elementor-widget elementor-widget-text-editor\" data-id=\"6671517\" data-element_type=\"widget\" data-widget_type=\"text-editor.default\">\n\t\t\t\t<div class=\"elementor-widget-container\">\n\t\t\t\t\t\t\t<ul><li>Deluxe beds with fine Peruvian linens<\/li><li>Choice of bed configuration<\/li><li>Bedside tables with reading lamps<\/li><li>Organic bath amenities<\/li><li>Internal communication system<\/li><\/ul>\t\t\t\t\t\t<\/div>\n\t\t\t\t<\/div>\n\t\t\t\t\t<\/div>\n\t\t<\/div>\n\t\t\t\t<div class=\"elementor-column elementor-col-33 elementor-inner-column elementor-element elementor-element-2ad93ff\" data-id=\"2ad93ff\" data-element_type=\"column\">\n\t\t\t<div class=\"elementor-widget-wrap elementor-element-populated\">\n\t\t\t\t\t\t<div class=\"elementor-element elementor-element-a3e1602 elementor-widget elementor-widget-text-editor\" data-id=\"a3e1602\" data-element_type=\"widget\" data-widget_type=\"text-editor.default\">\n\t\t\t\t<div class=\"elementor-widget-container\">\n\t\t\t\t\t\t\t<ul><li>Individual climate control<\/li><li>Large mirror in bathroom<\/li><li>Daily maid service<\/li><li>Nightly turn-down service<\/li><li>Hairdryer<\/li><\/ul>\t\t\t\t\t\t<\/div>\n\t\t\t\t<\/div>\n\t\t\t\t\t<\/div>\n\t\t<\/div>\n\t\t\t\t<div class=\"elementor-column elementor-col-33 elementor-inner-column elementor-element elementor-element-0fcba6a\" data-id=\"0fcba6a\" data-element_type=\"column\">\n\t\t\t<div class=\"elementor-widget-wrap elementor-element-populated\">\n\t\t\t\t\t\t<div class=\"elementor-element elementor-element-d5c856c elementor-widget elementor-widget-text-editor\" data-id=\"d5c856c\" data-element_type=\"widget\" data-widget_type=\"text-editor.default\">\n\t\t\t\t<div class=\"elementor-widget-container\">\n\t\t\t\t\t\t\t<ul><li>In-room safe<\/li><li>Elegant, contemporary design\u00a0<\/li><li>Seating area<\/li><\/ul>\t\t\t\t\t\t<\/div>\n\t\t\t\t<\/div>\n\t\t\t\t\t<\/div>\n\t\t<\/div>\n\t\t\t\t\t<\/div>\n\t\t<\/section>\n\t\t\t\t\t<\/div>\n\t\t<\/div>\n\t\t\t\t<div class=\"elementor-column elementor-col-33 elementor-top-column elementor-element elementor-element-d24eb73\" data-id=\"d24eb73\" data-element_type=\"column\">\n\t\t\t<div class=\"elementor-widget-wrap elementor-element-populated\">\n\t\t\t\t\t\t<div class=\"elementor-element elementor-element-abd194d elementor-widget elementor-widget-shortcode\" data-id=\"abd194d\" data-element_type=\"widget\" data-widget_type=\"shortcode.default\">\n\t\t\t\t<div class=\"elementor-widget-container\">\n\t\t\t\t\t<div class=\"elementor-shortcode\">\n<div class=\"wpcf7 no-js\" id=\"wpcf7-f2195-o1\" lang=\"es-ES\" dir=\"ltr\" data-wpcf7-id=\"2195\">\n<div class=\"screen-reader-response\"><p role=\"status\" aria-live=\"polite\" aria-atomic=\"true\"><\/p> <ul><\/ul><\/div>\n<form action=\"\/en\/wp-json\/wp\/v2\/pages\/2238#wpcf7-f2195-o1\" method=\"post\" class=\"wpcf7-form init\" aria-label=\"Formulario de contacto\" novalidate=\"novalidate\" data-status=\"init\" data-trp-original-action=\"\/en\/wp-json\/wp\/v2\/pages\/2238#wpcf7-f2195-o1\">\n<fieldset class=\"hidden-fields-container\"><input type=\"hidden\" name=\"_wpcf7\" value=\"2195\" \/><input type=\"hidden\" name=\"_wpcf7_version\" value=\"6.1.5\" \/><input type=\"hidden\" name=\"_wpcf7_locale\" value=\"es_ES\" \/><input type=\"hidden\" name=\"_wpcf7_unit_tag\" value=\"wpcf7-f2195-o1\" \/><input type=\"hidden\" name=\"_wpcf7_container_post\" value=\"0\" \/><input type=\"hidden\" name=\"_wpcf7_posted_data_hash\" value=\"\" \/><input type=\"hidden\" name=\"_wpcf7_recaptcha_response\" value=\"\" \/>\n<\/fieldset>\n<h2 class=\"widget-title\">Book this Tour\n<\/h2>\n<div class=\"contact-packing\">\n\t<div class=\"row\">\n\t\t<div class=\"col-xs-12 col-sm-12\">\n\t\t\t<p><label>Tour<\/label><span class=\"wpcf7-form-control-wrap\" data-name=\"tour\"><input size=\"40\" maxlength=\"400\" class=\"wpcf7-form-control wpcf7-text wpcf7-validates-as-required form-control\" id=\"nameTour\" aria-required=\"true\" aria-invalid=\"false\" value=\"\" type=\"text\" name=\"tour\" \/><\/span>\n\t\t\t<\/p>\n\t\t<\/div>\n\t\t<div class=\"col-xs-12 col-sm-12\">\n\t\t\t<p><label>Full name<\/label><span class=\"wpcf7-form-control-wrap\" data-name=\"nombres\"><input size=\"40\" maxlength=\"400\" class=\"wpcf7-form-control wpcf7-text wpcf7-validates-as-required form-control\" aria-required=\"true\" aria-invalid=\"false\" value=\"\" type=\"text\" name=\"nombres\" \/><\/span>\n\t\t\t<\/p>\n\t\t<\/div>\n\t\t<div class=\"col-xs-12 col-sm-12\">\n\t\t\t<p><label>Email<\/label><span class=\"wpcf7-form-control-wrap\" data-name=\"correo\"><input size=\"40\" maxlength=\"400\" class=\"wpcf7-form-control wpcf7-email wpcf7-validates-as-required wpcf7-text wpcf7-validates-as-email form-control\" aria-required=\"true\" aria-invalid=\"false\" value=\"\" type=\"email\" name=\"correo\" \/><\/span>\n\t\t\t<\/p>\n\t\t<\/div>\n\t\t<div class=\"col-xs-12 col-sm-12\">\n\t\t\t<p><label>Phone<\/label><span class=\"wpcf7-form-control-wrap\" data-name=\"telefono\"><input size=\"40\" maxlength=\"400\" class=\"wpcf7-form-control wpcf7-tel wpcf7-text wpcf7-validates-as-tel form-control\" aria-invalid=\"false\" value=\"\" type=\"tel\" name=\"telefono\" \/><\/span>\n\t\t\t<\/p>\n\t\t<\/div>\n\t\t<div class=\"col-xs-12 col-sm-12\">\n\t\t\t<p><label>Reservation Date<\/label><span class=\"wpcf7-form-control-wrap\" data-name=\"fecha\"><input class=\"wpcf7-form-control wpcf7-date wpcf7-validates-as-required wpcf7-validates-as-date form-control\" aria-required=\"true\" aria-invalid=\"false\" value=\"\" type=\"date\" name=\"fecha\" \/><\/span>\n\t\t\t<\/p>\n\t\t<\/div>\n\t\t<div class=\"col-xs-12 col-sm-12\">\n\t\t\t<p><label>Select days<\/label><span class=\"wpcf7-form-control-wrap\" data-name=\"dias-noche\"><select class=\"wpcf7-form-control wpcf7-select wpcf7-validates-as-required form-control\" aria-required=\"true\" aria-invalid=\"false\" name=\"dias-noche\"><option value=\"4-Days \/ 3-Nights\">4-Days \/ 3-Nights<\/option><option value=\"5-Days \/ 4-Nights\">5-Days \/ 4-Nights<\/option><\/select><\/span>\n\t\t\t<\/p>\n\t\t<\/div>\n\t<\/div>\n\t<div class=\"row\">\n\t\t<div class=\"col-xs-12\">\n\t\t\t<p><label>Message<\/label><span class=\"wpcf7-form-control-wrap\" data-name=\"mensaje\"><textarea cols=\"40\" rows=\"10\" maxlength=\"2000\" class=\"wpcf7-form-control wpcf7-textarea form-control\" aria-invalid=\"false\" placeholder=\"Message...\" name=\"mensaje\"><\/textarea><\/span>\n\t\t\t<\/p>\n\t\t<\/div>\n\t<\/div>\n\t<p><input class=\"wpcf7-form-control wpcf7-submit has-spinner btn btn-theme btn-inverse border-2\" type=\"submit\" value=\"Request Reservation\" \/>\n\t<\/p>\n<\/div>\n<p><script>\nvar id, ruta, content , insert; id = document.querySelector('#nameTour');ruta = window.location.pathname;texto = ruta.slice(1,-1); insert = texto.replace(\/-|--\/gi,' ');id.setAttribute('value',insert);id.setAttribute('disabled','disabled');id.value.toUpperCase()\n<\/script>\n<\/p><div class=\"wpcf7-response-output\" aria-hidden=\"true\"><\/div>\n<input type=\"hidden\" name=\"trp-form-language\" value=\"en\"\/><\/form>\n<\/div>\n<\/div>\n\t\t\t\t<\/div>\n\t\t\t\t<\/div>\n\t\t\t\t\t<\/div>\n\t\t<\/div>\n\t\t\t\t\t<\/div>\n\t\t<\/section>\n\t\t\t\t<\/div>","protected":false},"excerpt":{"rendered":"<p>Delfin I &#8211; Master Suite Ubicadas en la segunda cubierta, estas 2 Master Suites de 31 metros cuadrados y una terraza privada de 30 metros cuadrados comparten las mismas comodidades que nuestras Deluxe Suites, incluidas las exclusivas ventanas panor\u00e1micas del piso al techo del barco, pero sin ba\u00f1eras de hidromasaje. Previous Next Caracter\u00edsticas Camas de &hellip; <br \/><a href=\"https:\/\/amazonexpeditionsperu.com\/en\/delfin-i-master-suite\/\" class=\"more-link\">Continue reading <span class=\"screen-reader-text\">Delfin I &#8211; Master Suite<\/span><\/a><\/p>","protected":false},"author":7,"featured_media":0,"parent":0,"menu_order":0,"comment_status":"closed","ping_status":"closed","template":"","meta":{"_joinchat":[],"footnotes":""},"class_list":["post-2238","page","type-page","status-publish","hentry"],"yoast_head":"<!-- This site is optimized with the Yoast SEO plugin v27.4 - https:\/\/yoast.com\/product\/yoast-seo-wordpress\/ -->\n<title>Delfin I - Master Suite - Amazon Expeditions Peru<\/title>\n<meta name=\"robots\" content=\"index, follow, max-snippet:-1, max-image-preview:large, max-video-preview:-1\" \/>\n<link rel=\"canonical\" href=\"https:\/\/amazonexpeditionsperu.com\/en\/delfin-i-master-suite\/\" \/>\n<meta property=\"og:locale\" content=\"en_US\" \/>\n<meta property=\"og:type\" content=\"article\" \/>\n<meta property=\"og:title\" content=\"Delfin I - Master Suite - Amazon Expeditions Peru\" \/>\n<meta property=\"og:description\" content=\"Delfin I &#8211; Master Suite Ubicadas en la segunda cubierta, estas 2 Master Suites de 31 metros cuadrados y una terraza privada de 30 metros cuadrados comparten las mismas comodidades que nuestras Deluxe Suites, incluidas las exclusivas ventanas panor\u00e1micas del piso al techo del barco, pero sin ba\u00f1eras de hidromasaje. Previous Next Caracter\u00edsticas Camas de &hellip; Continue reading Delfin I &#8211; Master Suite\" \/>\n<meta property=\"og:url\" content=\"https:\/\/amazonexpeditionsperu.com\/en\/delfin-i-master-suite\/\" \/>\n<meta property=\"og:site_name\" content=\"Amazon Expeditions Peru\" \/>\n<meta property=\"article:modified_time\" content=\"2026-02-19T12:03:46+00:00\" \/>\n<meta name=\"twitter:card\" content=\"summary_large_image\" \/>\n<meta name=\"twitter:label1\" content=\"Est. reading time\" \/>\n\t<meta name=\"twitter:data1\" content=\"1 minute\" \/>\n<script type=\"application\/ld+json\" class=\"yoast-schema-graph\">{\"@context\":\"https:\\\/\\\/schema.org\",\"@graph\":[{\"@type\":\"WebPage\",\"@id\":\"https:\\\/\\\/amazonexpeditionsperu.com\\\/delfin-i-master-suite\\\/\",\"url\":\"https:\\\/\\\/amazonexpeditionsperu.com\\\/delfin-i-master-suite\\\/\",\"name\":\"Delfin I - Master Suite - Amazon Expeditions Peru\",\"isPartOf\":{\"@id\":\"https:\\\/\\\/amazonexpeditionsperu.com\\\/en\\\/#website\"},\"datePublished\":\"2022-07-07T18:20:24+00:00\",\"dateModified\":\"2026-02-19T12:03:46+00:00\",\"breadcrumb\":{\"@id\":\"https:\\\/\\\/amazonexpeditionsperu.com\\\/delfin-i-master-suite\\\/#breadcrumb\"},\"inLanguage\":\"en-US\",\"potentialAction\":[{\"@type\":\"ReadAction\",\"target\":[\"https:\\\/\\\/amazonexpeditionsperu.com\\\/delfin-i-master-suite\\\/\"]}]},{\"@type\":\"BreadcrumbList\",\"@id\":\"https:\\\/\\\/amazonexpeditionsperu.com\\\/delfin-i-master-suite\\\/#breadcrumb\",\"itemListElement\":[{\"@type\":\"ListItem\",\"position\":1,\"name\":\"Portada\",\"item\":\"https:\\\/\\\/amazonexpeditionsperu.com\\\/\"},{\"@type\":\"ListItem\",\"position\":2,\"name\":\"Delfin I &#8211; Master Suite\"}]},{\"@type\":\"WebSite\",\"@id\":\"https:\\\/\\\/amazonexpeditionsperu.com\\\/en\\\/#website\",\"url\":\"https:\\\/\\\/amazonexpeditionsperu.com\\\/en\\\/\",\"name\":\"Amazon Expeditions Peru\",\"description\":\"Otro sitio realizado con WordPress\",\"potentialAction\":[{\"@type\":\"SearchAction\",\"target\":{\"@type\":\"EntryPoint\",\"urlTemplate\":\"https:\\\/\\\/amazonexpeditionsperu.com\\\/en\\\/?s={search_term_string}\"},\"query-input\":{\"@type\":\"PropertyValueSpecification\",\"valueRequired\":true,\"valueName\":\"search_term_string\"}}],\"inLanguage\":\"en-US\"}]}<\/script>\n<!-- \/ Yoast SEO plugin. -->","yoast_head_json":{"title":"Delfin I - Master Suite - Amazon Expeditions Peru","robots":{"index":"index","follow":"follow","max-snippet":"max-snippet:-1","max-image-preview":"max-image-preview:large","max-video-preview":"max-video-preview:-1"},"canonical":"https:\/\/amazonexpeditionsperu.com\/en\/delfin-i-master-suite\/","og_locale":"en_US","og_type":"article","og_title":"Delfin I - Master Suite - Amazon Expeditions Peru","og_description":"Delfin I &#8211; Master Suite Ubicadas en la segunda cubierta, estas 2 Master Suites de 31 metros cuadrados y una terraza privada de 30 metros cuadrados comparten las mismas comodidades que nuestras Deluxe Suites, incluidas las exclusivas ventanas panor\u00e1micas del piso al techo del barco, pero sin ba\u00f1eras de hidromasaje. Previous Next Caracter\u00edsticas Camas de &hellip; Continue reading Delfin I &#8211; Master Suite","og_url":"https:\/\/amazonexpeditionsperu.com\/en\/delfin-i-master-suite\/","og_site_name":"Amazon Expeditions Peru","article_modified_time":"2026-02-19T12:03:46+00:00","twitter_card":"summary_large_image","twitter_misc":{"Est. reading time":"1 minute"},"schema":{"@context":"https:\/\/schema.org","@graph":[{"@type":"WebPage","@id":"https:\/\/amazonexpeditionsperu.com\/delfin-i-master-suite\/","url":"https:\/\/amazonexpeditionsperu.com\/delfin-i-master-suite\/","name":"Delfin I - Master Suite - Amazon Expeditions Peru","isPartOf":{"@id":"https:\/\/amazonexpeditionsperu.com\/en\/#website"},"datePublished":"2022-07-07T18:20:24+00:00","dateModified":"2026-02-19T12:03:46+00:00","breadcrumb":{"@id":"https:\/\/amazonexpeditionsperu.com\/delfin-i-master-suite\/#breadcrumb"},"inLanguage":"en-US","potentialAction":[{"@type":"ReadAction","target":["https:\/\/amazonexpeditionsperu.com\/delfin-i-master-suite\/"]}]},{"@type":"BreadcrumbList","@id":"https:\/\/amazonexpeditionsperu.com\/delfin-i-master-suite\/#breadcrumb","itemListElement":[{"@type":"ListItem","position":1,"name":"Portada","item":"https:\/\/amazonexpeditionsperu.com\/"},{"@type":"ListItem","position":2,"name":"Delfin I &#8211; Master Suite"}]},{"@type":"WebSite","@id":"https:\/\/amazonexpeditionsperu.com\/en\/#website","url":"https:\/\/amazonexpeditionsperu.com\/en\/","name":"Amazon Expeditions Peru","description":"Otro sitio realizado con WordPress","potentialAction":[{"@type":"SearchAction","target":{"@type":"EntryPoint","urlTemplate":"https:\/\/amazonexpeditionsperu.com\/en\/?s={search_term_string}"},"query-input":{"@type":"PropertyValueSpecification","valueRequired":true,"valueName":"search_term_string"}}],"inLanguage":"en-US"}]}},"_links":{"self":[{"href":"https:\/\/amazonexpeditionsperu.com\/en\/wp-json\/wp\/v2\/pages\/2238","targetHints":{"allow":["GET"]}}],"collection":[{"href":"https:\/\/amazonexpeditionsperu.com\/en\/wp-json\/wp\/v2\/pages"}],"about":[{"href":"https:\/\/amazonexpeditionsperu.com\/en\/wp-json\/wp\/v2\/types\/page"}],"author":[{"embeddable":true,"href":"https:\/\/amazonexpeditionsperu.com\/en\/wp-json\/wp\/v2\/users\/7"}],"replies":[{"embeddable":true,"href":"https:\/\/amazonexpeditionsperu.com\/en\/wp-json\/wp\/v2\/comments?post=2238"}],"version-history":[{"count":19,"href":"https:\/\/amazonexpeditionsperu.com\/en\/wp-json\/wp\/v2\/pages\/2238\/revisions"}],"predecessor-version":[{"id":4730,"href":"https:\/\/amazonexpeditionsperu.com\/en\/wp-json\/wp\/v2\/pages\/2238\/revisions\/4730"}],"wp:attachment":[{"href":"https:\/\/amazonexpeditionsperu.com\/en\/wp-json\/wp\/v2\/media?parent=2238"}],"curies":[{"name":"wp","href":"https:\/\/api.w.org\/{rel}","templated":true}]}}