{"id":1746,"date":"2022-06-30T10:33:47","date_gmt":"2022-06-30T15:33:47","guid":{"rendered":"https:\/\/amazonexpeditionsperu.com\/?page_id=1746"},"modified":"2026-02-19T07:45:25","modified_gmt":"2026-02-19T12:45:25","slug":"cruceros","status":"publish","type":"page","link":"https:\/\/amazonexpeditionsperu.com\/en\/cruceros\/","title":{"rendered":"Luxury Cruises"},"content":{"rendered":"<div data-elementor-type=\"wp-page\" data-elementor-id=\"1746\" class=\"elementor elementor-1746\">\n\t\t\t\t\t\t<section class=\"elementor-section elementor-top-section elementor-element elementor-element-569c761 elementor-section-full_width elementor-section-height-default elementor-section-height-default\" data-id=\"569c761\" data-element_type=\"section\" data-settings=\"{&quot;background_background&quot;:&quot;classic&quot;}\">\n\t\t\t\t\t\t\t<div class=\"elementor-background-overlay\"><\/div>\n\t\t\t\t\t\t\t<div class=\"elementor-container elementor-column-gap-default\">\n\t\t\t\t\t<div class=\"elementor-column elementor-col-100 elementor-top-column elementor-element elementor-element-14d5855\" data-id=\"14d5855\" data-element_type=\"column\">\n\t\t\t<div class=\"elementor-widget-wrap elementor-element-populated\">\n\t\t\t\t\t\t<div class=\"elementor-element elementor-element-b71c79a elementor-widget elementor-widget-image\" data-id=\"b71c79a\" data-element_type=\"widget\" data-widget_type=\"image.default\">\n\t\t\t\t<div class=\"elementor-widget-container\">\n\t\t\t\t\t\t\t\t\t\t\t\t\t<img decoding=\"async\" src=\"https:\/\/amazonexpeditionsperu.com\/wp-content\/uploads\/elementor\/thumbs\/Logo-Relais-Blanco_Mesa-de-trabajo-1-prvgcfam1o86auc92wjotnvg1toe33j588jfnly8e8.png\" title=\"Logo Relais Blanco_Mesa de trabajo 1\" alt=\"\" loading=\"lazy\" \/>\t\t\t\t\t\t\t\t\t\t\t\t\t<\/div>\n\t\t\t\t<\/div>\n\t\t\t\t<div class=\"elementor-element elementor-element-ae763b5 elementor-widget elementor-widget-heading\" data-id=\"ae763b5\" data-element_type=\"widget\" data-widget_type=\"heading.default\">\n\t\t\t\t<div class=\"elementor-widget-container\">\n\t\t\t<h2 class=\"elementor-heading-title elementor-size-xxl\">Our cruises<\/h2>\t\t<\/div>\n\t\t\t\t<\/div>\n\t\t\t\t<div class=\"elementor-element elementor-element-c53f07d elementor-widget elementor-widget-text-editor\" data-id=\"c53f07d\" data-element_type=\"widget\" data-widget_type=\"text-editor.default\">\n\t\t\t\t<div class=\"elementor-widget-container\">\n\t\t\t\t\t\t\t<p>World class accommodation with the perfect scenery. It's our dream trip of a lifetime<\/p>\t\t\t\t\t\t<\/div>\n\t\t\t\t<\/div>\n\t\t\t\t<div class=\"elementor-element elementor-element-74f21ed elementor-widget elementor-widget-spacer\" data-id=\"74f21ed\" data-element_type=\"widget\" data-widget_type=\"spacer.default\">\n\t\t\t\t<div class=\"elementor-widget-container\">\n\t\t\t\t\t<div class=\"elementor-spacer\">\n\t\t\t<div class=\"elementor-spacer-inner\"><\/div>\n\t\t<\/div>\n\t\t\t\t<\/div>\n\t\t\t\t<\/div>\n\t\t\t\t<div class=\"elementor-element elementor-element-8afd104 elementor-widget elementor-widget-image\" data-id=\"8afd104\" data-element_type=\"widget\" data-widget_type=\"image.default\">\n\t\t\t\t<div class=\"elementor-widget-container\">\n\t\t\t\t\t\t\t\t\t\t\t\t\t<img decoding=\"async\" src=\"https:\/\/amazonexpeditionsperu.com\/wp-content\/uploads\/elementor\/thumbs\/Logo-Blanco-Amazon-Expeditions-Peru-prvgodsozslua7dhupuanwqkclt0s06x3imio44w74.png\" title=\"Logo Blanco Amazon Expeditions Peru\" alt=\"\" loading=\"lazy\" \/>\t\t\t\t\t\t\t\t\t\t\t\t\t<\/div>\n\t\t\t\t<\/div>\n\t\t\t\t\t<\/div>\n\t\t<\/div>\n\t\t\t\t\t<\/div>\n\t\t<\/section>\n\t\t\t\t<section class=\"elementor-section elementor-top-section elementor-element elementor-element-81e4057 elementor-section-full_width elementor-section-height-default elementor-section-height-default\" data-id=\"81e4057\" data-element_type=\"section\" data-settings=\"{&quot;background_background&quot;:&quot;classic&quot;}\">\n\t\t\t\t\t\t\t<div class=\"elementor-background-overlay\"><\/div>\n\t\t\t\t\t\t\t<div class=\"elementor-container elementor-column-gap-default\">\n\t\t\t\t\t<div class=\"elementor-column elementor-col-100 elementor-top-column elementor-element elementor-element-fdb68d2\" data-id=\"fdb68d2\" data-element_type=\"column\">\n\t\t\t<div class=\"elementor-widget-wrap elementor-element-populated\">\n\t\t\t\t\t\t<div class=\"elementor-element elementor-element-e823850 elementor-widget elementor-widget-image\" data-id=\"e823850\" data-element_type=\"widget\" data-widget_type=\"image.default\">\n\t\t\t\t<div class=\"elementor-widget-container\">\n\t\t\t\t\t\t\t\t\t\t\t\t\t<img decoding=\"async\" src=\"https:\/\/amazonexpeditionsperu.com\/wp-content\/uploads\/elementor\/thumbs\/Logo-Relais-Blanco_Mesa-de-trabajo-1-prvgcfam1o86auc92wjotnvg1toe33j588jfnly8e8.png\" title=\"Logo Relais Blanco_Mesa de trabajo 1\" alt=\"\" loading=\"lazy\" \/>\t\t\t\t\t\t\t\t\t\t\t\t\t<\/div>\n\t\t\t\t<\/div>\n\t\t\t\t<section class=\"elementor-section elementor-inner-section elementor-element elementor-element-f997d5a elementor-section-boxed elementor-section-height-default elementor-section-height-default\" data-id=\"f997d5a\" data-element_type=\"section\">\n\t\t\t\t\t\t<div class=\"elementor-container elementor-column-gap-default\">\n\t\t\t\t\t<div class=\"elementor-column elementor-col-50 elementor-inner-column elementor-element elementor-element-eadd8b0\" data-id=\"eadd8b0\" data-element_type=\"column\">\n\t\t\t<div class=\"elementor-widget-wrap elementor-element-populated\">\n\t\t\t\t\t\t<div class=\"elementor-element elementor-element-8ed633e elementor-widget elementor-widget-heading\" data-id=\"8ed633e\" data-element_type=\"widget\" data-widget_type=\"heading.default\">\n\t\t\t\t<div class=\"elementor-widget-container\">\n\t\t\t<h2 class=\"elementor-heading-title elementor-size-xl\">The Delfin I<\/h2>\t\t<\/div>\n\t\t\t\t<\/div>\n\t\t\t\t<div class=\"elementor-element elementor-element-615e124 elementor-widget elementor-widget-text-editor\" data-id=\"615e124\" data-element_type=\"widget\" data-widget_type=\"text-editor.default\">\n\t\t\t\t<div class=\"elementor-widget-container\">\n\t\t\t\t\t\t\t<p>desde $5.500<\/p>\t\t\t\t\t\t<\/div>\n\t\t\t\t<\/div>\n\t\t\t\t<div class=\"elementor-element elementor-element-6f936a9 elementor-widget elementor-widget-text-editor\" data-id=\"6f936a9\" data-element_type=\"widget\" data-widget_type=\"text-editor.default\">\n\t\t\t\t<div class=\"elementor-widget-container\">\n\t\t\t\t\t\t\t<p>Delfin I effortlessly combines comfort and grace to create the most unique cruise to ever sail in the Peruvian Amazon region. In a setting of understated elegance and exceptional hospitality, it features 4 oversized suites, all with private panoramic terraces, 2 of which offer a private whirlpool.<\/p>\t\t\t\t\t\t<\/div>\n\t\t\t\t<\/div>\n\t\t\t\t<div class=\"elementor-element elementor-element-1679904 elementor-widget elementor-widget-button\" data-id=\"1679904\" data-element_type=\"widget\" data-widget_type=\"button.default\">\n\t\t\t\t<div class=\"elementor-widget-container\">\n\t\t\t\t\t<div class=\"elementor-button-wrapper\">\n\t\t\t<a class=\"elementor-button elementor-button-link elementor-size-sm\" href=\"\/en\/delfin-i\/\">\n\t\t\t\t\t\t<span class=\"elementor-button-content-wrapper\">\n\t\t\t\t\t\t\t\t\t<span class=\"elementor-button-text\">DISCOVER<\/span>\n\t\t\t\t\t<\/span>\n\t\t\t\t\t<\/a>\n\t\t<\/div>\n\t\t\t\t<\/div>\n\t\t\t\t<\/div>\n\t\t\t\t\t<\/div>\n\t\t<\/div>\n\t\t\t\t<div class=\"elementor-column elementor-col-50 elementor-inner-column elementor-element elementor-element-96a54d0\" data-id=\"96a54d0\" data-element_type=\"column\">\n\t\t\t<div class=\"elementor-widget-wrap\">\n\t\t\t\t\t\t\t<\/div>\n\t\t<\/div>\n\t\t\t\t\t<\/div>\n\t\t<\/section>\n\t\t\t\t<div class=\"elementor-element elementor-element-9c2b800 elementor-widget elementor-widget-image\" data-id=\"9c2b800\" data-element_type=\"widget\" data-widget_type=\"image.default\">\n\t\t\t\t<div class=\"elementor-widget-container\">\n\t\t\t\t\t\t\t\t\t\t\t\t\t<img decoding=\"async\" src=\"https:\/\/amazonexpeditionsperu.com\/wp-content\/uploads\/elementor\/thumbs\/Logo-Blanco-Amazon-Expeditions-Peru-prvgodsozslua7dhupuanwqkclt0s06x3imio44w74.png\" title=\"Logo Blanco Amazon Expeditions Peru\" alt=\"\" loading=\"lazy\" \/>\t\t\t\t\t\t\t\t\t\t\t\t\t<\/div>\n\t\t\t\t<\/div>\n\t\t\t\t\t<\/div>\n\t\t<\/div>\n\t\t\t\t\t<\/div>\n\t\t<\/section>\n\t\t\t\t<section class=\"elementor-section elementor-top-section elementor-element elementor-element-a559b03 elementor-section-full_width elementor-section-height-default elementor-section-height-default\" data-id=\"a559b03\" data-element_type=\"section\" data-settings=\"{&quot;background_background&quot;:&quot;classic&quot;}\">\n\t\t\t\t\t\t\t<div class=\"elementor-background-overlay\"><\/div>\n\t\t\t\t\t\t\t<div class=\"elementor-container elementor-column-gap-default\">\n\t\t\t\t\t<div class=\"elementor-column elementor-col-100 elementor-top-column elementor-element elementor-element-1ced4ac\" data-id=\"1ced4ac\" data-element_type=\"column\">\n\t\t\t<div class=\"elementor-widget-wrap elementor-element-populated\">\n\t\t\t\t\t\t<div class=\"elementor-element elementor-element-399835e elementor-widget elementor-widget-image\" data-id=\"399835e\" data-element_type=\"widget\" data-widget_type=\"image.default\">\n\t\t\t\t<div class=\"elementor-widget-container\">\n\t\t\t\t\t\t\t\t\t\t\t\t\t<img decoding=\"async\" src=\"https:\/\/amazonexpeditionsperu.com\/wp-content\/uploads\/elementor\/thumbs\/Logo-Relais-Blanco_Mesa-de-trabajo-1-prvgcfam1o86auc92wjotnvg1toe33j588jfnly8e8.png\" title=\"Logo Relais Blanco_Mesa de trabajo 1\" alt=\"\" loading=\"lazy\" \/>\t\t\t\t\t\t\t\t\t\t\t\t\t<\/div>\n\t\t\t\t<\/div>\n\t\t\t\t<section class=\"elementor-section elementor-inner-section elementor-element elementor-element-7275799 elementor-section-boxed elementor-section-height-default elementor-section-height-default\" data-id=\"7275799\" data-element_type=\"section\">\n\t\t\t\t\t\t<div class=\"elementor-container elementor-column-gap-default\">\n\t\t\t\t\t<div class=\"elementor-column elementor-col-50 elementor-inner-column elementor-element elementor-element-7fa7902\" data-id=\"7fa7902\" data-element_type=\"column\">\n\t\t\t<div class=\"elementor-widget-wrap elementor-element-populated\">\n\t\t\t\t\t\t<div class=\"elementor-element elementor-element-0fc3860 elementor-widget elementor-widget-heading\" data-id=\"0fc3860\" data-element_type=\"widget\" data-widget_type=\"heading.default\">\n\t\t\t\t<div class=\"elementor-widget-container\">\n\t\t\t<h2 class=\"elementor-heading-title elementor-size-xl\">The Delfin II<\/h2>\t\t<\/div>\n\t\t\t\t<\/div>\n\t\t\t\t<div class=\"elementor-element elementor-element-5828e65 elementor-widget elementor-widget-text-editor\" data-id=\"5828e65\" data-element_type=\"widget\" data-widget_type=\"text-editor.default\">\n\t\t\t\t<div class=\"elementor-widget-container\">\n\t\t\t\t\t\t\t<p>desde $3,800<\/p>\t\t\t\t\t\t<\/div>\n\t\t\t\t<\/div>\n\t\t\t\t<div class=\"elementor-element elementor-element-8bcd5bb elementor-widget elementor-widget-text-editor\" data-id=\"8bcd5bb\" data-element_type=\"widget\" data-widget_type=\"text-editor.default\">\n\t\t\t\t<div class=\"elementor-widget-container\">\n\t\t\t\t\t\t\t<p>Delfin II features 14 large guest suites including 4 Master Suites with 180\u00b0 panoramic windows and 10 Suites, 4 of which can be interconnected to accommodate families. They offer all the comforts of world-class lodging yet with the spirit of casual and refined elegance.<\/p>\t\t\t\t\t\t<\/div>\n\t\t\t\t<\/div>\n\t\t\t\t<div class=\"elementor-element elementor-element-a4779da elementor-widget elementor-widget-button\" data-id=\"a4779da\" data-element_type=\"widget\" data-widget_type=\"button.default\">\n\t\t\t\t<div class=\"elementor-widget-container\">\n\t\t\t\t\t<div class=\"elementor-button-wrapper\">\n\t\t\t<a class=\"elementor-button elementor-button-link elementor-size-sm\" href=\"\/en\/delfin-ii\/\">\n\t\t\t\t\t\t<span class=\"elementor-button-content-wrapper\">\n\t\t\t\t\t\t\t\t\t<span class=\"elementor-button-text\">DISCOVER<\/span>\n\t\t\t\t\t<\/span>\n\t\t\t\t\t<\/a>\n\t\t<\/div>\n\t\t\t\t<\/div>\n\t\t\t\t<\/div>\n\t\t\t\t\t<\/div>\n\t\t<\/div>\n\t\t\t\t<div class=\"elementor-column elementor-col-50 elementor-inner-column elementor-element elementor-element-b37beb4\" data-id=\"b37beb4\" data-element_type=\"column\">\n\t\t\t<div class=\"elementor-widget-wrap\">\n\t\t\t\t\t\t\t<\/div>\n\t\t<\/div>\n\t\t\t\t\t<\/div>\n\t\t<\/section>\n\t\t\t\t<div class=\"elementor-element elementor-element-afc4210 elementor-widget elementor-widget-image\" data-id=\"afc4210\" data-element_type=\"widget\" data-widget_type=\"image.default\">\n\t\t\t\t<div class=\"elementor-widget-container\">\n\t\t\t\t\t\t\t\t\t\t\t\t\t<img decoding=\"async\" src=\"https:\/\/amazonexpeditionsperu.com\/wp-content\/uploads\/elementor\/thumbs\/Logo-Blanco-Amazon-Expeditions-Peru-prvgodsozslua7dhupuanwqkclt0s06x3imio44w74.png\" title=\"Logo Blanco Amazon Expeditions Peru\" alt=\"\" loading=\"lazy\" \/>\t\t\t\t\t\t\t\t\t\t\t\t\t<\/div>\n\t\t\t\t<\/div>\n\t\t\t\t\t<\/div>\n\t\t<\/div>\n\t\t\t\t\t<\/div>\n\t\t<\/section>\n\t\t\t\t<section class=\"elementor-section elementor-top-section elementor-element elementor-element-c5c9cb1 elementor-section-full_width elementor-section-height-default elementor-section-height-default\" data-id=\"c5c9cb1\" data-element_type=\"section\" data-settings=\"{&quot;background_background&quot;:&quot;classic&quot;}\">\n\t\t\t\t\t\t\t<div class=\"elementor-background-overlay\"><\/div>\n\t\t\t\t\t\t\t<div class=\"elementor-container elementor-column-gap-default\">\n\t\t\t\t\t<div class=\"elementor-column elementor-col-100 elementor-top-column elementor-element elementor-element-53afc10\" data-id=\"53afc10\" data-element_type=\"column\">\n\t\t\t<div class=\"elementor-widget-wrap elementor-element-populated\">\n\t\t\t\t\t\t<div class=\"elementor-element elementor-element-9658b24 elementor-widget elementor-widget-image\" data-id=\"9658b24\" data-element_type=\"widget\" data-widget_type=\"image.default\">\n\t\t\t\t<div class=\"elementor-widget-container\">\n\t\t\t\t\t\t\t\t\t\t\t\t\t<img decoding=\"async\" src=\"https:\/\/amazonexpeditionsperu.com\/wp-content\/uploads\/elementor\/thumbs\/Logo-Relais-Blanco_Mesa-de-trabajo-1-prvgcfam1o86auc92wjotnvg1toe33j588jfnly8e8.png\" title=\"Logo Relais Blanco_Mesa de trabajo 1\" alt=\"\" loading=\"lazy\" \/>\t\t\t\t\t\t\t\t\t\t\t\t\t<\/div>\n\t\t\t\t<\/div>\n\t\t\t\t<section class=\"elementor-section elementor-inner-section elementor-element elementor-element-c831acb elementor-section-boxed elementor-section-height-default elementor-section-height-default\" data-id=\"c831acb\" data-element_type=\"section\">\n\t\t\t\t\t\t<div class=\"elementor-container elementor-column-gap-default\">\n\t\t\t\t\t<div class=\"elementor-column elementor-col-50 elementor-inner-column elementor-element elementor-element-3722375\" data-id=\"3722375\" data-element_type=\"column\">\n\t\t\t<div class=\"elementor-widget-wrap elementor-element-populated\">\n\t\t\t\t\t\t<div class=\"elementor-element elementor-element-ce37c06 elementor-widget elementor-widget-heading\" data-id=\"ce37c06\" data-element_type=\"widget\" data-widget_type=\"heading.default\">\n\t\t\t\t<div class=\"elementor-widget-container\">\n\t\t\t<h2 class=\"elementor-heading-title elementor-size-xl\">The Delfin III<\/h2>\t\t<\/div>\n\t\t\t\t<\/div>\n\t\t\t\t<div class=\"elementor-element elementor-element-fccbe00 elementor-widget elementor-widget-text-editor\" data-id=\"fccbe00\" data-element_type=\"widget\" data-widget_type=\"text-editor.default\">\n\t\t\t\t<div class=\"elementor-widget-container\">\n\t\t\t\t\t\t\t<p>desde $4,200<\/p>\t\t\t\t\t\t<\/div>\n\t\t\t\t<\/div>\n\t\t\t\t<div class=\"elementor-element elementor-element-7844009 elementor-widget elementor-widget-text-editor\" data-id=\"7844009\" data-element_type=\"widget\" data-widget_type=\"text-editor.default\">\n\t\t\t\t<div class=\"elementor-widget-container\">\n\t\t\t\t\t\t\t<p>Delfin III is the newest and also the largest cruise in our fleet, with 22 suites with capacity for up to 43 passengers. Beautifully finished with the finest details and handmade Peruvian artifacts, guests are treated to an immersive rainforest experience along with the highest levels of comfort.<\/p>\t\t\t\t\t\t<\/div>\n\t\t\t\t<\/div>\n\t\t\t\t<div class=\"elementor-element elementor-element-15f1012 elementor-widget elementor-widget-button\" data-id=\"15f1012\" data-element_type=\"widget\" data-widget_type=\"button.default\">\n\t\t\t\t<div class=\"elementor-widget-container\">\n\t\t\t\t\t<div class=\"elementor-button-wrapper\">\n\t\t\t<a class=\"elementor-button elementor-button-link elementor-size-sm\" href=\"\/en\/delfin-iii\/\">\n\t\t\t\t\t\t<span class=\"elementor-button-content-wrapper\">\n\t\t\t\t\t\t\t\t\t<span class=\"elementor-button-text\">DISCOVER<\/span>\n\t\t\t\t\t<\/span>\n\t\t\t\t\t<\/a>\n\t\t<\/div>\n\t\t\t\t<\/div>\n\t\t\t\t<\/div>\n\t\t\t\t\t<\/div>\n\t\t<\/div>\n\t\t\t\t<div class=\"elementor-column elementor-col-50 elementor-inner-column elementor-element elementor-element-eada170\" data-id=\"eada170\" data-element_type=\"column\">\n\t\t\t<div class=\"elementor-widget-wrap\">\n\t\t\t\t\t\t\t<\/div>\n\t\t<\/div>\n\t\t\t\t\t<\/div>\n\t\t<\/section>\n\t\t\t\t<div class=\"elementor-element elementor-element-bae7db7 elementor-widget elementor-widget-image\" data-id=\"bae7db7\" data-element_type=\"widget\" data-widget_type=\"image.default\">\n\t\t\t\t<div class=\"elementor-widget-container\">\n\t\t\t\t\t\t\t\t\t\t\t\t\t<img decoding=\"async\" src=\"https:\/\/amazonexpeditionsperu.com\/wp-content\/uploads\/elementor\/thumbs\/Logo-Blanco-Amazon-Expeditions-Peru-prvgodsozslua7dhupuanwqkclt0s06x3imio44w74.png\" title=\"Logo Blanco Amazon Expeditions Peru\" alt=\"\" loading=\"lazy\" \/>\t\t\t\t\t\t\t\t\t\t\t\t\t<\/div>\n\t\t\t\t<\/div>\n\t\t\t\t\t<\/div>\n\t\t<\/div>\n\t\t\t\t\t<\/div>\n\t\t<\/section>\n\t\t\t\t<\/div>","protected":false},"excerpt":{"rendered":"<p>Nuestros cruceros Alojamiento de clase mundial con el paisaje perfecto. Es nuestro viaje so\u00f1ado de toda la vida The Delfin I desde $5.500 Delfin I combina sin esfuerzo la comodidad y la gracia para crear el crucero m\u00e1s exclusivo que jam\u00e1s haya navegado en la regi\u00f3n amaz\u00f3nica peruana. En un entorno de elegancia discreta y &hellip; <br \/><a href=\"https:\/\/amazonexpeditionsperu.com\/en\/cruceros\/\" class=\"more-link\">Continue reading <span class=\"screen-reader-text\">Luxury Cruises<\/span><\/a><\/p>","protected":false},"author":7,"featured_media":0,"parent":0,"menu_order":0,"comment_status":"closed","ping_status":"closed","template":"elementor_header_footer","meta":{"_joinchat":[],"footnotes":""},"class_list":["post-1746","page","type-page","status-publish","hentry"],"yoast_head":"<!-- This site is optimized with the Yoast SEO plugin v27.4 - https:\/\/yoast.com\/product\/yoast-seo-wordpress\/ -->\n<title>Cruceros de Lujo - Amazon Expeditions Peru<\/title>\n<meta name=\"description\" content=\"Disfruta recorriendo la Amazon\u00eda en nuestros cruceros de lujo. Vive una experiencia inolvidable con nuestros paquetes tur\u00edsticos en Iquitos\" \/>\n<meta name=\"robots\" content=\"index, follow, max-snippet:-1, max-image-preview:large, max-video-preview:-1\" \/>\n<link rel=\"canonical\" href=\"https:\/\/amazonexpeditionsperu.com\/en\/cruceros\/\" \/>\n<meta property=\"og:locale\" content=\"en_US\" \/>\n<meta property=\"og:type\" content=\"article\" \/>\n<meta property=\"og:title\" content=\"Cruceros de Lujo - Amazon Expeditions Peru\" \/>\n<meta property=\"og:description\" content=\"Disfruta recorriendo la Amazon\u00eda en nuestros cruceros de lujo. Vive una experiencia inolvidable con nuestros paquetes tur\u00edsticos en Iquitos\" \/>\n<meta property=\"og:url\" content=\"https:\/\/amazonexpeditionsperu.com\/en\/cruceros\/\" \/>\n<meta property=\"og:site_name\" content=\"Amazon Expeditions Peru\" \/>\n<meta property=\"article:modified_time\" content=\"2026-02-19T12:45:25+00:00\" \/>\n<meta property=\"og:image\" content=\"https:\/\/amazonexpeditionsperu.com\/wp-content\/uploads\/elementor\/thumbs\/Logo-Relais-Blanco_Mesa-de-trabajo-1-prvgcfam1o86auc92wjotnvg1toe33j588jfnly8e8.png\" \/>\n<meta name=\"twitter:card\" content=\"summary_large_image\" \/>\n<meta name=\"twitter:label1\" content=\"Est. reading time\" \/>\n\t<meta name=\"twitter:data1\" content=\"3 minutes\" \/>\n<script type=\"application\/ld+json\" class=\"yoast-schema-graph\">{\"@context\":\"https:\\\/\\\/schema.org\",\"@graph\":[{\"@type\":\"WebPage\",\"@id\":\"https:\\\/\\\/amazonexpeditionsperu.com\\\/cruceros\\\/\",\"url\":\"https:\\\/\\\/amazonexpeditionsperu.com\\\/cruceros\\\/\",\"name\":\"Cruceros de Lujo - Amazon Expeditions Peru\",\"isPartOf\":{\"@id\":\"https:\\\/\\\/amazonexpeditionsperu.com\\\/en\\\/#website\"},\"primaryImageOfPage\":{\"@id\":\"https:\\\/\\\/amazonexpeditionsperu.com\\\/cruceros\\\/#primaryimage\"},\"image\":{\"@id\":\"https:\\\/\\\/amazonexpeditionsperu.com\\\/cruceros\\\/#primaryimage\"},\"thumbnailUrl\":\"https:\\\/\\\/amazonexpeditionsperu.com\\\/wp-content\\\/uploads\\\/elementor\\\/thumbs\\\/Logo-Relais-Blanco_Mesa-de-trabajo-1-prvgcfam1o86auc92wjotnvg1toe33j588jfnly8e8.png\",\"datePublished\":\"2022-06-30T15:33:47+00:00\",\"dateModified\":\"2026-02-19T12:45:25+00:00\",\"description\":\"Disfruta recorriendo la Amazon\u00eda en nuestros cruceros de lujo. Vive una experiencia inolvidable con nuestros paquetes tur\u00edsticos en Iquitos\",\"breadcrumb\":{\"@id\":\"https:\\\/\\\/amazonexpeditionsperu.com\\\/cruceros\\\/#breadcrumb\"},\"inLanguage\":\"en-US\",\"potentialAction\":[{\"@type\":\"ReadAction\",\"target\":[\"https:\\\/\\\/amazonexpeditionsperu.com\\\/cruceros\\\/\"]}]},{\"@type\":\"ImageObject\",\"inLanguage\":\"en-US\",\"@id\":\"https:\\\/\\\/amazonexpeditionsperu.com\\\/cruceros\\\/#primaryimage\",\"url\":\"https:\\\/\\\/amazonexpeditionsperu.com\\\/wp-content\\\/uploads\\\/elementor\\\/thumbs\\\/Logo-Relais-Blanco_Mesa-de-trabajo-1-prvgcfam1o86auc92wjotnvg1toe33j588jfnly8e8.png\",\"contentUrl\":\"https:\\\/\\\/amazonexpeditionsperu.com\\\/wp-content\\\/uploads\\\/elementor\\\/thumbs\\\/Logo-Relais-Blanco_Mesa-de-trabajo-1-prvgcfam1o86auc92wjotnvg1toe33j588jfnly8e8.png\"},{\"@type\":\"BreadcrumbList\",\"@id\":\"https:\\\/\\\/amazonexpeditionsperu.com\\\/cruceros\\\/#breadcrumb\",\"itemListElement\":[{\"@type\":\"ListItem\",\"position\":1,\"name\":\"Portada\",\"item\":\"https:\\\/\\\/amazonexpeditionsperu.com\\\/\"},{\"@type\":\"ListItem\",\"position\":2,\"name\":\"Cruceros de Lujo\"}]},{\"@type\":\"WebSite\",\"@id\":\"https:\\\/\\\/amazonexpeditionsperu.com\\\/en\\\/#website\",\"url\":\"https:\\\/\\\/amazonexpeditionsperu.com\\\/en\\\/\",\"name\":\"Amazon Expeditions Peru\",\"description\":\"Otro sitio realizado con WordPress\",\"potentialAction\":[{\"@type\":\"SearchAction\",\"target\":{\"@type\":\"EntryPoint\",\"urlTemplate\":\"https:\\\/\\\/amazonexpeditionsperu.com\\\/en\\\/?s={search_term_string}\"},\"query-input\":{\"@type\":\"PropertyValueSpecification\",\"valueRequired\":true,\"valueName\":\"search_term_string\"}}],\"inLanguage\":\"en-US\"}]}<\/script>\n<!-- \/ Yoast SEO plugin. -->","yoast_head_json":{"title":"Cruceros de Lujo - Amazon Expeditions Peru","description":"Disfruta recorriendo la Amazon\u00eda en nuestros cruceros de lujo. Vive una experiencia inolvidable con nuestros paquetes tur\u00edsticos en Iquitos","robots":{"index":"index","follow":"follow","max-snippet":"max-snippet:-1","max-image-preview":"max-image-preview:large","max-video-preview":"max-video-preview:-1"},"canonical":"https:\/\/amazonexpeditionsperu.com\/en\/cruceros\/","og_locale":"en_US","og_type":"article","og_title":"Cruceros de Lujo - Amazon Expeditions Peru","og_description":"Disfruta recorriendo la Amazon\u00eda en nuestros cruceros de lujo. Vive una experiencia inolvidable con nuestros paquetes tur\u00edsticos en Iquitos","og_url":"https:\/\/amazonexpeditionsperu.com\/en\/cruceros\/","og_site_name":"Amazon Expeditions Peru","article_modified_time":"2026-02-19T12:45:25+00:00","og_image":[{"url":"https:\/\/amazonexpeditionsperu.com\/wp-content\/uploads\/elementor\/thumbs\/Logo-Relais-Blanco_Mesa-de-trabajo-1-prvgcfam1o86auc92wjotnvg1toe33j588jfnly8e8.png","type":"","width":"","height":""}],"twitter_card":"summary_large_image","twitter_misc":{"Est. reading time":"3 minutes"},"schema":{"@context":"https:\/\/schema.org","@graph":[{"@type":"WebPage","@id":"https:\/\/amazonexpeditionsperu.com\/cruceros\/","url":"https:\/\/amazonexpeditionsperu.com\/cruceros\/","name":"Cruceros de Lujo - Amazon Expeditions Peru","isPartOf":{"@id":"https:\/\/amazonexpeditionsperu.com\/en\/#website"},"primaryImageOfPage":{"@id":"https:\/\/amazonexpeditionsperu.com\/cruceros\/#primaryimage"},"image":{"@id":"https:\/\/amazonexpeditionsperu.com\/cruceros\/#primaryimage"},"thumbnailUrl":"https:\/\/amazonexpeditionsperu.com\/wp-content\/uploads\/elementor\/thumbs\/Logo-Relais-Blanco_Mesa-de-trabajo-1-prvgcfam1o86auc92wjotnvg1toe33j588jfnly8e8.png","datePublished":"2022-06-30T15:33:47+00:00","dateModified":"2026-02-19T12:45:25+00:00","description":"Disfruta recorriendo la Amazon\u00eda en nuestros cruceros de lujo. Vive una experiencia inolvidable con nuestros paquetes tur\u00edsticos en Iquitos","breadcrumb":{"@id":"https:\/\/amazonexpeditionsperu.com\/cruceros\/#breadcrumb"},"inLanguage":"en-US","potentialAction":[{"@type":"ReadAction","target":["https:\/\/amazonexpeditionsperu.com\/cruceros\/"]}]},{"@type":"ImageObject","inLanguage":"en-US","@id":"https:\/\/amazonexpeditionsperu.com\/cruceros\/#primaryimage","url":"https:\/\/amazonexpeditionsperu.com\/wp-content\/uploads\/elementor\/thumbs\/Logo-Relais-Blanco_Mesa-de-trabajo-1-prvgcfam1o86auc92wjotnvg1toe33j588jfnly8e8.png","contentUrl":"https:\/\/amazonexpeditionsperu.com\/wp-content\/uploads\/elementor\/thumbs\/Logo-Relais-Blanco_Mesa-de-trabajo-1-prvgcfam1o86auc92wjotnvg1toe33j588jfnly8e8.png"},{"@type":"BreadcrumbList","@id":"https:\/\/amazonexpeditionsperu.com\/cruceros\/#breadcrumb","itemListElement":[{"@type":"ListItem","position":1,"name":"Portada","item":"https:\/\/amazonexpeditionsperu.com\/"},{"@type":"ListItem","position":2,"name":"Cruceros de Lujo"}]},{"@type":"WebSite","@id":"https:\/\/amazonexpeditionsperu.com\/en\/#website","url":"https:\/\/amazonexpeditionsperu.com\/en\/","name":"Amazon Expeditions Peru","description":"Otro sitio realizado con WordPress","potentialAction":[{"@type":"SearchAction","target":{"@type":"EntryPoint","urlTemplate":"https:\/\/amazonexpeditionsperu.com\/en\/?s={search_term_string}"},"query-input":{"@type":"PropertyValueSpecification","valueRequired":true,"valueName":"search_term_string"}}],"inLanguage":"en-US"}]}},"_links":{"self":[{"href":"https:\/\/amazonexpeditionsperu.com\/en\/wp-json\/wp\/v2\/pages\/1746","targetHints":{"allow":["GET"]}}],"collection":[{"href":"https:\/\/amazonexpeditionsperu.com\/en\/wp-json\/wp\/v2\/pages"}],"about":[{"href":"https:\/\/amazonexpeditionsperu.com\/en\/wp-json\/wp\/v2\/types\/page"}],"author":[{"embeddable":true,"href":"https:\/\/amazonexpeditionsperu.com\/en\/wp-json\/wp\/v2\/users\/7"}],"replies":[{"embeddable":true,"href":"https:\/\/amazonexpeditionsperu.com\/en\/wp-json\/wp\/v2\/comments?post=1746"}],"version-history":[{"count":100,"href":"https:\/\/amazonexpeditionsperu.com\/en\/wp-json\/wp\/v2\/pages\/1746\/revisions"}],"predecessor-version":[{"id":4751,"href":"https:\/\/amazonexpeditionsperu.com\/en\/wp-json\/wp\/v2\/pages\/1746\/revisions\/4751"}],"wp:attachment":[{"href":"https:\/\/amazonexpeditionsperu.com\/en\/wp-json\/wp\/v2\/media?parent=1746"}],"curies":[{"name":"wp","href":"https:\/\/api.w.org\/{rel}","templated":true}]}}