{"id":1505,"date":"2022-06-24T12:38:14","date_gmt":"2022-06-24T17:38:14","guid":{"rendered":"https:\/\/amazonexpeditionsperu.com\/?page_id=1505"},"modified":"2022-10-09T12:42:00","modified_gmt":"2022-10-09T17:42:00","slug":"albergues","status":"publish","type":"page","link":"https:\/\/amazonexpeditionsperu.com\/en\/albergues\/","title":{"rendered":"Eco-Lodge"},"content":{"rendered":"<div data-elementor-type=\"wp-page\" data-elementor-id=\"1505\" class=\"elementor elementor-1505\">\n\t\t\t\t\t\t<section class=\"elementor-section elementor-top-section elementor-element elementor-element-9a5ac8e elementor-section-boxed elementor-section-height-default elementor-section-height-default\" data-id=\"9a5ac8e\" data-element_type=\"section\">\n\t\t\t\t\t\t<div class=\"elementor-container elementor-column-gap-default\">\n\t\t\t\t\t<div class=\"elementor-column elementor-col-100 elementor-top-column elementor-element elementor-element-20f60f8\" data-id=\"20f60f8\" data-element_type=\"column\">\n\t\t\t<div class=\"elementor-widget-wrap elementor-element-populated\">\n\t\t\t\t\t\t<div class=\"elementor-element elementor-element-8835c28 elementor-invisible elementor-widget elementor-widget-apus_element_booking_tours\" data-id=\"8835c28\" data-element_type=\"widget\" data-settings=\"{&quot;_animation&quot;:&quot;rotateInUpLeft&quot;,&quot;columns&quot;:3}\" data-widget_type=\"apus_element_booking_tours.default\">\n\t\t\t\t<div class=\"elementor-widget-container\">\n\t\t\t            <div class=\"widget-booking-tours  grid grid-v3\">\n                \n                <div class=\"widget-content\">\n                                                                    <div class=\"row\">\n\n                                                            <div class=\"col-md-4 col-sm-6 col-xs-12 list-item  md-clearfix lg-clearfix sm-clearfix\">\n                                    \n<div class=\"tour-grid-v3 tour-item-style\">\n\t\n\t<div class=\"inner\">\n\t\t<div class=\"tour-image\">\n\t\t\t<a href=\"https:\/\/amazonexpeditionsperu.com\/en\/to_book\/experiencia-selvatica-5d-4n\/\"><div class=\"image-wrapper\"><img fetchpriority=\"high\" decoding=\"async\" width=\"760\" height=\"740\" src=\"data:image\/svg+xml;charset=utf-8,%3Csvg xmlns%3D&#039;http%3A%2F%2Fwww.w3.org%2F2000%2Fsvg&#039; viewBox%3D&#039;0 0 760 740&#039;%2F%3E\" class=\"attachment-760x740x1x1 size-760x740x1x1 unveil-image\" alt=\"\" data-src=\"https:\/\/amazonexpeditionsperu.com\/wp-content\/uploads\/elementor\/thumbs\/IN17-08157-Edit-pq11yv3fze6m93a1th9yjmk3uzihf3as1jo9cwsoh4.jpg\" \/><\/div><\/a>\t\t<\/div>\n\t\t<div class=\"tour-content\">\n\t\t\t\t\t\t<div class=\"flex-middle\">\n\t            <div class=\"tour-title-wrapper\">\n\t        \t\t\t               \t<h3 class=\"title\"><a href=\"https:\/\/amazonexpeditionsperu.com\/en\/to_book\/experiencia-selvatica-5d-4n\/\">Jungle Experience 5D\/4N<\/a><\/h3>\n\t            \t\t            <\/div>\n\t\t\t\t\n\t\t\t\t<div class=\"ali-right wrapper-price\">\n\t\t\t\t\t<div class=\"tour_info_price\">\n\t\t\t\t\t\t\t\t\t\t\t\t<span class=\"tour_info_price_new\"><span class=\"currency_amount\" data-amount=\"640\"><span class=\"currency_symbol\">&#36;<\/span>&nbsp;640.00<\/span><\/span>\n\t\t\t\t\t<\/div>\n\t\t\t\t<\/div>\n\t\t\t<\/div>\n\t\t<\/div>\n\t<\/div>\n<\/div>                                <\/div>\n                                                            <div class=\"col-md-4 col-sm-6 col-xs-12 list-item\">\n                                    \n<div class=\"tour-grid-v3 tour-item-style\">\n\t\n\t<div class=\"inner\">\n\t\t<div class=\"tour-image\">\n\t\t\t<a href=\"https:\/\/amazonexpeditionsperu.com\/en\/to_book\/aventura-amazonica-4d-3n\/\"><div class=\"image-wrapper\"><img decoding=\"async\" width=\"760\" height=\"740\" src=\"data:image\/svg+xml;charset=utf-8,%3Csvg xmlns%3D&#039;http%3A%2F%2Fwww.w3.org%2F2000%2Fsvg&#039; viewBox%3D&#039;0 0 760 740&#039;%2F%3E\" class=\"attachment-760x740x1x1 size-760x740x1x1 unveil-image\" alt=\"\" data-src=\"https:\/\/amazonexpeditionsperu.com\/wp-content\/uploads\/elementor\/thumbs\/IN17-08093-Edit-pq11yu5lsk5bxhbeyyvbz4sn9ln47e71pf0rvmu2nc.jpg\" \/><\/div><\/a>\t\t<\/div>\n\t\t<div class=\"tour-content\">\n\t\t\t\t\t\t<div class=\"flex-middle\">\n\t            <div class=\"tour-title-wrapper\">\n\t        \t\t\t               \t<h3 class=\"title\"><a href=\"https:\/\/amazonexpeditionsperu.com\/en\/to_book\/aventura-amazonica-4d-3n\/\">Amazon Adventure 4D\/3N<\/a><\/h3>\n\t            \t\t            <\/div>\n\t\t\t\t\n\t\t\t\t<div class=\"ali-right wrapper-price\">\n\t\t\t\t\t<div class=\"tour_info_price\">\n\t\t\t\t\t\t\t\t\t\t\t\t<span class=\"tour_info_price_new\"><span class=\"currency_amount\" data-amount=\"520\"><span class=\"currency_symbol\">&#36;<\/span>&nbsp;520.00<\/span><\/span>\n\t\t\t\t\t<\/div>\n\t\t\t\t<\/div>\n\t\t\t<\/div>\n\t\t<\/div>\n\t<\/div>\n<\/div>                                <\/div>\n                                                            <div class=\"col-md-4 col-sm-6 col-xs-12 list-item  sm-clearfix\">\n                                    \n<div class=\"tour-grid-v3 tour-item-style\">\n\t\n\t<div class=\"inner\">\n\t\t<div class=\"tour-image\">\n\t\t\t<a href=\"https:\/\/amazonexpeditionsperu.com\/en\/to_book\/amanecer-loretano-3d-2n\/\"><div class=\"image-wrapper\"><img decoding=\"async\" width=\"760\" height=\"740\" src=\"data:image\/svg+xml;charset=utf-8,%3Csvg xmlns%3D&#039;http%3A%2F%2Fwww.w3.org%2F2000%2Fsvg&#039; viewBox%3D&#039;0 0 760 740&#039;%2F%3E\" class=\"attachment-760x740x1x1 size-760x740x1x1 unveil-image\" alt=\"\" data-src=\"https:\/\/amazonexpeditionsperu.com\/wp-content\/uploads\/elementor\/thumbs\/IN17-08266-Edit-pq11yw1a687wkp8onzol44bkgddumseidobqu6raaw.jpg\" \/><\/div><\/a>\t\t<\/div>\n\t\t<div class=\"tour-content\">\n\t\t\t\t\t\t<div class=\"flex-middle\">\n\t            <div class=\"tour-title-wrapper\">\n\t        \t\t\t               \t<h3 class=\"title\"><a href=\"https:\/\/amazonexpeditionsperu.com\/en\/to_book\/amanecer-loretano-3d-2n\/\">Sunrise Loretano 3D\/2N<\/a><\/h3>\n\t            \t\t            <\/div>\n\t\t\t\t\n\t\t\t\t<div class=\"ali-right wrapper-price\">\n\t\t\t\t\t<div class=\"tour_info_price\">\n\t\t\t\t\t\t\t\t\t\t\t\t<span class=\"tour_info_price_new\"><span class=\"currency_amount\" data-amount=\"400\"><span class=\"currency_symbol\">&#36;<\/span>&nbsp;400.00<\/span><\/span>\n\t\t\t\t\t<\/div>\n\t\t\t\t<\/div>\n\t\t\t<\/div>\n\t\t<\/div>\n\t<\/div>\n<\/div>                                <\/div>\n                                                            <div class=\"col-md-4 col-sm-6 col-xs-12 list-item  md-clearfix lg-clearfix\">\n                                    \n<div class=\"tour-grid-v3 tour-item-style\">\n\t\n\t<div class=\"inner\">\n\t\t<div class=\"tour-image\">\n\t\t\t<a href=\"https:\/\/amazonexpeditionsperu.com\/en\/to_book\/dominios-salvajes-2d-1n\/\"><div class=\"image-wrapper\"><img loading=\"lazy\" decoding=\"async\" width=\"760\" height=\"740\" src=\"data:image\/svg+xml;charset=utf-8,%3Csvg xmlns%3D&#039;http%3A%2F%2Fwww.w3.org%2F2000%2Fsvg&#039; viewBox%3D&#039;0 0 760 740&#039;%2F%3E\" class=\"attachment-760x740x1x1 size-760x740x1x1 unveil-image\" alt=\"\" data-src=\"https:\/\/amazonexpeditionsperu.com\/wp-content\/uploads\/elementor\/thumbs\/1-pqp28peaccor0yoru3xgxnnjatcj123e4rj3udzrhk.jpg\" \/><\/div><\/a>\t\t<\/div>\n\t\t<div class=\"tour-content\">\n\t\t\t\t\t\t<div class=\"flex-middle\">\n\t            <div class=\"tour-title-wrapper\">\n\t        \t\t\t               \t<h3 class=\"title\"><a href=\"https:\/\/amazonexpeditionsperu.com\/en\/to_book\/dominios-salvajes-2d-1n\/\">Wild Domains 2D\/1N<\/a><\/h3>\n\t            \t\t            <\/div>\n\t\t\t\t\n\t\t\t\t<div class=\"ali-right wrapper-price\">\n\t\t\t\t\t<div class=\"tour_info_price\">\n\t\t\t\t\t\t\t\t\t\t\t\t<span class=\"tour_info_price_new\"><span class=\"currency_amount\" data-amount=\"280\"><span class=\"currency_symbol\">&#36;<\/span>&nbsp;280.00<\/span><\/span>\n\t\t\t\t\t<\/div>\n\t\t\t\t<\/div>\n\t\t\t<\/div>\n\t\t<\/div>\n\t<\/div>\n<\/div>                                <\/div>\n                            \n                        <\/div>\n                                                        <\/div>\n            <\/div>\n            \t\t<\/div>\n\t\t\t\t<\/div>\n\t\t\t\t\t<\/div>\n\t\t<\/div>\n\t\t\t\t\t<\/div>\n\t\t<\/section>\n\t\t\t\t<\/div>","protected":false},"excerpt":{"rendered":"<p>Experiencia Selv\u00e1tica 5D\/4N S\/.1730.00 Aventura Amaz\u00f3nica 4D\/3N S\/.1300.00 Amanecer Loretano 3D\/2N S\/.870.00 Dominios Salvajes 2D\/1N S\/.770.00<\/p>","protected":false},"author":7,"featured_media":0,"parent":0,"menu_order":0,"comment_status":"closed","ping_status":"closed","template":"","meta":{"_joinchat":[],"footnotes":""},"class_list":["post-1505","page","type-page","status-publish","hentry"],"yoast_head":"<!-- This site is optimized with the Yoast SEO plugin v27.4 - https:\/\/yoast.com\/product\/yoast-seo-wordpress\/ -->\n<title>Albergue Ecol\u00f3gico - Amazon Expeditions Peru<\/title>\n<meta name=\"description\" content=\"En Amazon Expeditions Per\u00fa ponemos a tu disposici\u00f3n los mejores albergues ecol\u00f3gicos de la Amazon\u00eda para que vivas una experiencia \u00fanica\" \/>\n<meta name=\"robots\" content=\"index, follow, max-snippet:-1, max-image-preview:large, max-video-preview:-1\" \/>\n<link rel=\"canonical\" href=\"https:\/\/amazonexpeditionsperu.com\/en\/albergues\/\" \/>\n<meta property=\"og:locale\" content=\"en_US\" \/>\n<meta property=\"og:type\" content=\"article\" \/>\n<meta property=\"og:title\" content=\"Albergue Ecol\u00f3gico - Amazon Expeditions Peru\" \/>\n<meta property=\"og:description\" content=\"En Amazon Expeditions Per\u00fa ponemos a tu disposici\u00f3n los mejores albergues ecol\u00f3gicos de la Amazon\u00eda para que vivas una experiencia \u00fanica\" \/>\n<meta property=\"og:url\" content=\"https:\/\/amazonexpeditionsperu.com\/en\/albergues\/\" \/>\n<meta property=\"og:site_name\" content=\"Amazon Expeditions Peru\" \/>\n<meta property=\"article:modified_time\" content=\"2022-10-09T17:42:00+00:00\" \/>\n<meta name=\"twitter:card\" content=\"summary_large_image\" \/>\n<meta name=\"twitter:label1\" content=\"Est. reading time\" \/>\n\t<meta name=\"twitter:data1\" content=\"1 minute\" \/>\n<script type=\"application\/ld+json\" class=\"yoast-schema-graph\">{\"@context\":\"https:\\\/\\\/schema.org\",\"@graph\":[{\"@type\":\"WebPage\",\"@id\":\"https:\\\/\\\/amazonexpeditionsperu.com\\\/albergues\\\/\",\"url\":\"https:\\\/\\\/amazonexpeditionsperu.com\\\/albergues\\\/\",\"name\":\"Albergue Ecol\u00f3gico - Amazon Expeditions Peru\",\"isPartOf\":{\"@id\":\"https:\\\/\\\/amazonexpeditionsperu.com\\\/en\\\/#website\"},\"datePublished\":\"2022-06-24T17:38:14+00:00\",\"dateModified\":\"2022-10-09T17:42:00+00:00\",\"description\":\"En Amazon Expeditions Per\u00fa ponemos a tu disposici\u00f3n los mejores albergues ecol\u00f3gicos de la Amazon\u00eda para que vivas una experiencia \u00fanica\",\"breadcrumb\":{\"@id\":\"https:\\\/\\\/amazonexpeditionsperu.com\\\/albergues\\\/#breadcrumb\"},\"inLanguage\":\"en-US\",\"potentialAction\":[{\"@type\":\"ReadAction\",\"target\":[\"https:\\\/\\\/amazonexpeditionsperu.com\\\/albergues\\\/\"]}]},{\"@type\":\"BreadcrumbList\",\"@id\":\"https:\\\/\\\/amazonexpeditionsperu.com\\\/albergues\\\/#breadcrumb\",\"itemListElement\":[{\"@type\":\"ListItem\",\"position\":1,\"name\":\"Portada\",\"item\":\"https:\\\/\\\/amazonexpeditionsperu.com\\\/\"},{\"@type\":\"ListItem\",\"position\":2,\"name\":\"Albergue Ecol\u00f3gico\"}]},{\"@type\":\"WebSite\",\"@id\":\"https:\\\/\\\/amazonexpeditionsperu.com\\\/en\\\/#website\",\"url\":\"https:\\\/\\\/amazonexpeditionsperu.com\\\/en\\\/\",\"name\":\"Amazon Expeditions Peru\",\"description\":\"Otro sitio realizado con WordPress\",\"potentialAction\":[{\"@type\":\"SearchAction\",\"target\":{\"@type\":\"EntryPoint\",\"urlTemplate\":\"https:\\\/\\\/amazonexpeditionsperu.com\\\/en\\\/?s={search_term_string}\"},\"query-input\":{\"@type\":\"PropertyValueSpecification\",\"valueRequired\":true,\"valueName\":\"search_term_string\"}}],\"inLanguage\":\"en-US\"}]}<\/script>\n<!-- \/ Yoast SEO plugin. -->","yoast_head_json":{"title":"Albergue Ecol\u00f3gico - Amazon Expeditions Peru","description":"En Amazon Expeditions Per\u00fa ponemos a tu disposici\u00f3n los mejores albergues ecol\u00f3gicos de la Amazon\u00eda para que vivas una experiencia \u00fanica","robots":{"index":"index","follow":"follow","max-snippet":"max-snippet:-1","max-image-preview":"max-image-preview:large","max-video-preview":"max-video-preview:-1"},"canonical":"https:\/\/amazonexpeditionsperu.com\/en\/albergues\/","og_locale":"en_US","og_type":"article","og_title":"Albergue Ecol\u00f3gico - Amazon Expeditions Peru","og_description":"En Amazon Expeditions Per\u00fa ponemos a tu disposici\u00f3n los mejores albergues ecol\u00f3gicos de la Amazon\u00eda para que vivas una experiencia \u00fanica","og_url":"https:\/\/amazonexpeditionsperu.com\/en\/albergues\/","og_site_name":"Amazon Expeditions Peru","article_modified_time":"2022-10-09T17:42:00+00:00","twitter_card":"summary_large_image","twitter_misc":{"Est. reading time":"1 minute"},"schema":{"@context":"https:\/\/schema.org","@graph":[{"@type":"WebPage","@id":"https:\/\/amazonexpeditionsperu.com\/albergues\/","url":"https:\/\/amazonexpeditionsperu.com\/albergues\/","name":"Albergue Ecol\u00f3gico - Amazon Expeditions Peru","isPartOf":{"@id":"https:\/\/amazonexpeditionsperu.com\/en\/#website"},"datePublished":"2022-06-24T17:38:14+00:00","dateModified":"2022-10-09T17:42:00+00:00","description":"En Amazon Expeditions Per\u00fa ponemos a tu disposici\u00f3n los mejores albergues ecol\u00f3gicos de la Amazon\u00eda para que vivas una experiencia \u00fanica","breadcrumb":{"@id":"https:\/\/amazonexpeditionsperu.com\/albergues\/#breadcrumb"},"inLanguage":"en-US","potentialAction":[{"@type":"ReadAction","target":["https:\/\/amazonexpeditionsperu.com\/albergues\/"]}]},{"@type":"BreadcrumbList","@id":"https:\/\/amazonexpeditionsperu.com\/albergues\/#breadcrumb","itemListElement":[{"@type":"ListItem","position":1,"name":"Portada","item":"https:\/\/amazonexpeditionsperu.com\/"},{"@type":"ListItem","position":2,"name":"Albergue Ecol\u00f3gico"}]},{"@type":"WebSite","@id":"https:\/\/amazonexpeditionsperu.com\/en\/#website","url":"https:\/\/amazonexpeditionsperu.com\/en\/","name":"Amazon Expeditions Peru","description":"Otro sitio realizado con WordPress","potentialAction":[{"@type":"SearchAction","target":{"@type":"EntryPoint","urlTemplate":"https:\/\/amazonexpeditionsperu.com\/en\/?s={search_term_string}"},"query-input":{"@type":"PropertyValueSpecification","valueRequired":true,"valueName":"search_term_string"}}],"inLanguage":"en-US"}]}},"_links":{"self":[{"href":"https:\/\/amazonexpeditionsperu.com\/en\/wp-json\/wp\/v2\/pages\/1505","targetHints":{"allow":["GET"]}}],"collection":[{"href":"https:\/\/amazonexpeditionsperu.com\/en\/wp-json\/wp\/v2\/pages"}],"about":[{"href":"https:\/\/amazonexpeditionsperu.com\/en\/wp-json\/wp\/v2\/types\/page"}],"author":[{"embeddable":true,"href":"https:\/\/amazonexpeditionsperu.com\/en\/wp-json\/wp\/v2\/users\/7"}],"replies":[{"embeddable":true,"href":"https:\/\/amazonexpeditionsperu.com\/en\/wp-json\/wp\/v2\/comments?post=1505"}],"version-history":[{"count":17,"href":"https:\/\/amazonexpeditionsperu.com\/en\/wp-json\/wp\/v2\/pages\/1505\/revisions"}],"predecessor-version":[{"id":3952,"href":"https:\/\/amazonexpeditionsperu.com\/en\/wp-json\/wp\/v2\/pages\/1505\/revisions\/3952"}],"wp:attachment":[{"href":"https:\/\/amazonexpeditionsperu.com\/en\/wp-json\/wp\/v2\/media?parent=1505"}],"curies":[{"name":"wp","href":"https:\/\/api.w.org\/{rel}","templated":true}]}}